{"id":3926,"date":"2018-01-08T03:36:09","date_gmt":"2018-01-08T01:36:09","guid":{"rendered":"http:\/\/kariyerbelgelendirme.net\/kariyer\/?page_id=3926"},"modified":"2025-11-10T16:04:13","modified_gmt":"2025-11-10T13:04:13","slug":"bize-ulasin","status":"publish","type":"page","link":"https:\/\/kariyerbelgelendirme.net\/kariyer\/bize-ulasin\/","title":{"rendered":"\u0130leti\u015fim"},"content":{"rendered":"\t\t<div data-elementor-type=\"wp-post\" data-elementor-id=\"3926\" class=\"elementor elementor-3926\">\n\t\t\t\t\t\t\t\t\t<section class=\"elementor-section elementor-top-section elementor-element elementor-element-tluckm9 elementor-section-boxed elementor-section-height-default elementor-section-height-default\" data-id=\"tluckm9\" data-element_type=\"section\">\n\t\t\t\t\t\t<div class=\"elementor-container elementor-column-gap-default\">\n\t\t\t\t\t<div class=\"elementor-column elementor-col-50 elementor-top-column elementor-element elementor-element-rz2bc3l\" data-id=\"rz2bc3l\" data-element_type=\"column\">\n\t\t\t<div class=\"elementor-widget-wrap elementor-element-populated\">\n\t\t\t\t\t\t\t\t<div class=\"elementor-element elementor-element-tbx9gqd elementor-button-danger elementor-align-justify elementor-widget elementor-widget-button\" data-id=\"tbx9gqd\" data-element_type=\"widget\" data-widget_type=\"button.default\">\n\t\t\t\t<div class=\"elementor-widget-container\">\n\t\t\t\t\t<div class=\"elementor-button-wrapper\">\n\t\t\t<a class=\"elementor-button elementor-button-link elementor-size-sm\" href=\"mailto:info@kariyerbelgelendirme.net\">\n\t\t\t\t\t\t<span class=\"elementor-button-content-wrapper\">\n\t\t\t\t\t\t<span class=\"elementor-button-icon elementor-align-icon-left\">\n\t\t\t\t\t\t\t\t\t<i class=\"fa fa-mail-forward\" aria-hidden=\"true\"><\/i>\n\t\t\t\t\t\t\t<\/span>\n\t\t\t\t\t\t<span class=\"elementor-button-text\">Mail G\u00f6nderin<\/span>\n\t\t<\/span>\n\t\t\t\t\t<\/a>\n\t\t<\/div>\n\t\t\t\t<\/div>\n\t\t\t\t<\/div>\n\t\t\t\t\t<\/div>\n\t\t<\/div>\n\t\t\t\t<div class=\"elementor-column elementor-col-50 elementor-top-column elementor-element elementor-element-nt28hi3\" data-id=\"nt28hi3\" data-element_type=\"column\">\n\t\t\t<div class=\"elementor-widget-wrap elementor-element-populated\">\n\t\t\t\t\t\t\t\t<div class=\"elementor-element elementor-element-lbzjpjl elementor-button-danger elementor-align-justify elementor-widget elementor-widget-button\" data-id=\"lbzjpjl\" data-element_type=\"widget\" data-widget_type=\"button.default\">\n\t\t\t\t<div class=\"elementor-widget-container\">\n\t\t\t\t\t<div class=\"elementor-button-wrapper\">\n\t\t\t<a class=\"elementor-button elementor-button-link elementor-size-sm\" href=\"https:\/\/kariyerbelgelendirme.voc-tester.com\/itiraz-sikayet\">\n\t\t\t\t\t\t<span class=\"elementor-button-content-wrapper\">\n\t\t\t\t\t\t<span class=\"elementor-button-icon elementor-align-icon-left\">\n\t\t\t\t\t\t\t\t\t<i class=\"fa fa-mail-forward\" aria-hidden=\"true\"><\/i>\n\t\t\t\t\t\t\t<\/span>\n\t\t\t\t\t\t<span class=\"elementor-button-text\">\u0130tiraz ve \u015eikayet Formu<\/span>\n\t\t<\/span>\n\t\t\t\t\t<\/a>\n\t\t<\/div>\n\t\t\t\t<\/div>\n\t\t\t\t<\/div>\n\t\t\t\t\t<\/div>\n\t\t<\/div>\n\t\t\t\t\t\t\t<\/div>\n\t\t<\/section>\n\t\t\t\t<section class=\"elementor-section elementor-top-section elementor-element elementor-element-dpuqjhr elementor-section-boxed elementor-section-height-default elementor-section-height-default\" data-id=\"dpuqjhr\" data-element_type=\"section\">\n\t\t\t\t\t\t<div class=\"elementor-container elementor-column-gap-default\">\n\t\t\t\t\t<div class=\"elementor-column elementor-col-100 elementor-top-column elementor-element elementor-element-iiuq726\" data-id=\"iiuq726\" data-element_type=\"column\">\n\t\t\t<div class=\"elementor-widget-wrap elementor-element-populated\">\n\t\t\t\t\t\t\t\t<div class=\"elementor-element elementor-element-t7zi40s elementor-widget-divider--view-line elementor-invisible elementor-widget elementor-widget-divider\" data-id=\"t7zi40s\" data-element_type=\"widget\" data-settings=\"{&quot;_animation&quot;:&quot;fadeInDown&quot;}\" data-widget_type=\"divider.default\">\n\t\t\t\t<div class=\"elementor-widget-container\">\n\t\t\t\t\t<div class=\"elementor-divider\">\n\t\t\t<span class=\"elementor-divider-separator\">\n\t\t\t\t\t\t<\/span>\n\t\t<\/div>\n\t\t\t\t<\/div>\n\t\t\t\t<\/div>\n\t\t\t\t\t<\/div>\n\t\t<\/div>\n\t\t\t\t\t\t\t<\/div>\n\t\t<\/section>\n\t\t\t\t<section class=\"elementor-section elementor-top-section elementor-element elementor-element-r7ittek elementor-section-boxed elementor-section-height-default elementor-section-height-default\" data-id=\"r7ittek\" data-element_type=\"section\">\n\t\t\t\t\t\t<div class=\"elementor-container elementor-column-gap-default\">\n\t\t\t\t\t<div class=\"elementor-column elementor-col-66 elementor-top-column elementor-element elementor-element-evga857\" data-id=\"evga857\" data-element_type=\"column\">\n\t\t\t<div class=\"elementor-widget-wrap elementor-element-populated\">\n\t\t\t\t\t\t\t\t<div class=\"elementor-element elementor-element-r5mcgqy elementor-widget elementor-widget-google_maps\" data-id=\"r5mcgqy\" data-element_type=\"widget\" data-widget_type=\"google_maps.default\">\n\t\t\t\t<div class=\"elementor-widget-container\">\n\t\t\t\t\t<div class=\"elementor-custom-embed\">\n\t\t\t<iframe loading=\"lazy\"\n\t\t\t\t\tsrc=\"https:\/\/maps.google.com\/maps?q=Orta%20Mahalle%20Demirkap%C4%B1%20Caddesi%20no%3A7&#038;t=m&#038;z=17&#038;output=embed&#038;iwloc=near\"\n\t\t\t\t\ttitle=\"Orta Mahalle Demirkap\u0131 Caddesi no:7\"\n\t\t\t\t\taria-label=\"Orta Mahalle Demirkap\u0131 Caddesi no:7\"\n\t\t\t><\/iframe>\n\t\t<\/div>\n\t\t\t\t<\/div>\n\t\t\t\t<\/div>\n\t\t\t\t\t<\/div>\n\t\t<\/div>\n\t\t\t\t<div class=\"elementor-column elementor-col-33 elementor-top-column elementor-element elementor-element-8zuvl3g\" data-id=\"8zuvl3g\" data-element_type=\"column\">\n\t\t\t<div class=\"elementor-widget-wrap elementor-element-populated\">\n\t\t\t\t\t\t\t\t<div class=\"elementor-element elementor-element-iyocnck elementor-widget elementor-widget-text-editor\" data-id=\"iyocnck\" data-element_type=\"widget\" data-widget_type=\"text-editor.default\">\n\t\t\t\t<div class=\"elementor-widget-container\">\n\t\t\t\t\t\t\t<h4><span style=\"color: #ff0000;\"><span style=\"vertical-align: inherit;\"><span style=\"vertical-align: inherit;\">Merkez Ofis<\/span><\/span><\/span><\/h4><p><strong><span style=\"vertical-align: inherit;\"><span style=\"vertical-align: inherit;\">Adres<\/span><\/span><\/strong><\/p><p><span style=\"vertical-align: inherit;\"><span style=\"vertical-align: inherit;\">Orta Mahalle Demirkap\u0131 Caddesi Altay Pasaj\u0131 No:7\/12 Bayrampa\u015fa &#8211; \u0130stanbul<\/span><\/span><\/p><p><strong><span style=\"vertical-align: inherit;\"><span style=\"vertical-align: inherit;\">Telefon<\/span><\/span><\/strong><\/p><p><strong><span style=\"vertical-align: inherit;\"><span style=\"vertical-align: inherit;\">\u00a0<\/span><\/span><\/strong><span style=\"vertical-align: inherit;\"><span style=\"vertical-align: inherit;\">0212 612 54 21<\/span><\/span><\/p><p><strong><span style=\"vertical-align: inherit;\">Cep<\/span><\/strong><\/p><p><span style=\"vertical-align: inherit;\"><span style=\"vertical-align: inherit;\">0533 260 38 68 \u00a0<\/span><\/span><\/p><p><strong><span style=\"vertical-align: inherit;\"><span style=\"vertical-align: inherit;\">Faks<\/span><\/span><\/strong><\/p><p><span style=\"vertical-align: inherit;\"><span style=\"vertical-align: inherit;\">0212 612 54 23<\/span><\/span><\/p><p><span style=\"vertical-align: inherit;\"><span style=\"vertical-align: inherit;\"><b>Mail<\/b><\/span><\/span><\/p><p><b>kariyermyk@gmail.com<\/b><\/p>\t\t\t\t\t\t<\/div>\n\t\t\t\t<\/div>\n\t\t\t\t\t<\/div>\n\t\t<\/div>\n\t\t\t\t\t\t\t<\/div>\n\t\t<\/section>\n\t\t\t\t<section class=\"elementor-section elementor-top-section elementor-element elementor-element-9mp81tv elementor-section-boxed elementor-section-height-default elementor-section-height-default\" data-id=\"9mp81tv\" data-element_type=\"section\">\n\t\t\t\t\t\t<div class=\"elementor-container elementor-column-gap-default\">\n\t\t\t\t\t<div class=\"elementor-column elementor-col-100 elementor-top-column elementor-element elementor-element-o35zu1h\" data-id=\"o35zu1h\" data-element_type=\"column\">\n\t\t\t<div class=\"elementor-widget-wrap elementor-element-populated\">\n\t\t\t\t\t\t\t\t<div class=\"elementor-element elementor-element-w80ko4m elementor-widget-divider--view-line elementor-widget elementor-widget-divider\" data-id=\"w80ko4m\" data-element_type=\"widget\" data-widget_type=\"divider.default\">\n\t\t\t\t<div class=\"elementor-widget-container\">\n\t\t\t\t\t<div class=\"elementor-divider\">\n\t\t\t<span class=\"elementor-divider-separator\">\n\t\t\t\t\t\t<\/span>\n\t\t<\/div>\n\t\t\t\t<\/div>\n\t\t\t\t<\/div>\n\t\t\t\t\t<\/div>\n\t\t<\/div>\n\t\t\t\t\t\t\t<\/div>\n\t\t<\/section>\n\t\t\t\t<section class=\"elementor-section elementor-top-section elementor-element elementor-element-kgnersk elementor-section-boxed elementor-section-height-default elementor-section-height-default\" data-id=\"kgnersk\" data-element_type=\"section\">\n\t\t\t\t\t\t<div class=\"elementor-container elementor-column-gap-default\">\n\t\t\t\t\t<div class=\"elementor-column elementor-col-66 elementor-top-column elementor-element elementor-element-b7n2d5y\" data-id=\"b7n2d5y\" data-element_type=\"column\">\n\t\t\t<div class=\"elementor-widget-wrap elementor-element-populated\">\n\t\t\t\t\t\t\t\t<div class=\"elementor-element elementor-element-a3z2ova elementor-widget elementor-widget-google_maps\" data-id=\"a3z2ova\" data-element_type=\"widget\" data-widget_type=\"google_maps.default\">\n\t\t\t\t<div class=\"elementor-widget-container\">\n\t\t\t\t\t<div class=\"elementor-custom-embed\">\n\t\t\t<iframe loading=\"lazy\"\n\t\t\t\t\tsrc=\"https:\/\/maps.google.com\/maps?q=Cengiz%20Topel%20Soka%C4%9F%C4%B1%20No%3A50%20Bayrampa%C5%9Fa&#038;t=m&#038;z=17&#038;output=embed&#038;iwloc=near\"\n\t\t\t\t\ttitle=\"Cengiz Topel Soka\u011f\u0131 No:50 Bayrampa\u015fa\"\n\t\t\t\t\taria-label=\"Cengiz Topel Soka\u011f\u0131 No:50 Bayrampa\u015fa\"\n\t\t\t><\/iframe>\n\t\t<\/div>\n\t\t\t\t<\/div>\n\t\t\t\t<\/div>\n\t\t\t\t\t<\/div>\n\t\t<\/div>\n\t\t\t\t<div class=\"elementor-column elementor-col-33 elementor-top-column elementor-element elementor-element-xshb34v\" data-id=\"xshb34v\" data-element_type=\"column\">\n\t\t\t<div class=\"elementor-widget-wrap elementor-element-populated\">\n\t\t\t\t\t\t\t\t<div class=\"elementor-element elementor-element-8fysuel elementor-widget elementor-widget-text-editor\" data-id=\"8fysuel\" data-element_type=\"widget\" data-widget_type=\"text-editor.default\">\n\t\t\t\t<div class=\"elementor-widget-container\">\n\t\t\t\t\t\t\t<h4><span style=\"color: #ff0000;\"><strong>S\u0131nav Merkezi<\/strong><\/span><\/h4><p><strong>Adres<\/strong><\/p><p>Terazidere Mahallesi, Cengiz Topel Soka\u011f\u0131 No:50 Bayrampa\u015fa &#8211; \u0130stanbul<\/p><p><strong>Telefon<\/strong><\/p><p>0212 612 54 21<\/p><p><strong>Cep<\/strong><\/p><p>0533 260 38 68 \u00a0 \u00a0 \u00a0 \u00a0 \u00a0 \u00a0 \u00a0 <strong>\u00a0<\/strong><\/p><p><strong>Faks<\/strong><\/p><p>0212 612 54 23<\/p><p><strong>Mail<\/strong><\/p><p><b>kariyermyk@gmail.com<\/b><\/p>\t\t\t\t\t\t<\/div>\n\t\t\t\t<\/div>\n\t\t\t\t\t<\/div>\n\t\t<\/div>\n\t\t\t\t\t\t\t<\/div>\n\t\t<\/section>\n\t\t\t\t\t\t\t<\/div>\n\t\t","protected":false},"excerpt":{"rendered":"<p>Mail G\u00f6nderin \u0130tiraz ve \u015eikayet Formu Merkez Ofis Adres Orta Mahalle Demirkap\u0131 Caddesi Altay Pasaj\u0131 No:7\/12 Bayrampa\u015fa &#8211; \u0130stanbul Telefon \u00a00212 612 54 21 Cep 0533 260 38 68 \u00a0 Faks 0212 612 54 23 Mail kariyermyk@gmail.com S\u0131nav Merkezi Adres Terazidere Mahallesi, Cengiz Topel Soka\u011f\u0131 No:50 Bayrampa\u015fa &#8211; \u0130stanbul Telefon 0212 612 54 21 Cep [&hellip;] <a class=\"more-link\" href=\"https:\/\/kariyerbelgelendirme.net\/kariyer\/bize-ulasin\/\">Devam\u0131n\u0131 Oku<\/a><\/p>\n","protected":false},"author":1,"featured_media":0,"parent":0,"menu_order":0,"comment_status":"closed","ping_status":"closed","template":"","meta":{"footnotes":""},"yoast_head":"<!-- This site is optimized with the Yoast SEO plugin v21.8 - https:\/\/yoast.com\/wordpress\/plugins\/seo\/ -->\n<title>\u0130leti\u015fim - Kariyer Belgelendirme<\/title>\n<meta name=\"robots\" content=\"index, follow, max-snippet:-1, max-image-preview:large, max-video-preview:-1\" \/>\n<link rel=\"canonical\" href=\"https:\/\/kariyerbelgelendirme.net\/kariyer\/bize-ulasin\/\" \/>\n<meta property=\"og:locale\" content=\"tr_TR\" \/>\n<meta property=\"og:type\" content=\"article\" \/>\n<meta property=\"og:title\" content=\"\u0130leti\u015fim - Kariyer Belgelendirme\" \/>\n<meta property=\"og:description\" content=\"Mail G\u00f6nderin \u0130tiraz ve \u015eikayet Formu Merkez Ofis Adres Orta Mahalle Demirkap\u0131 Caddesi Altay Pasaj\u0131 No:7\/12 Bayrampa\u015fa &#8211; \u0130stanbul Telefon \u00a00212 612 54 21 Cep 0533 260 38 68 \u00a0 Faks 0212 612 54 23 Mail kariyermyk@gmail.com S\u0131nav Merkezi Adres Terazidere Mahallesi, Cengiz Topel Soka\u011f\u0131 No:50 Bayrampa\u015fa &#8211; \u0130stanbul Telefon 0212 612 54 21 Cep [&hellip;]\" \/>\n<meta property=\"og:url\" content=\"https:\/\/kariyerbelgelendirme.net\/kariyer\/bize-ulasin\/\" \/>\n<meta property=\"og:site_name\" content=\"Kariyer Belgelendirme\" \/>\n<meta property=\"article:modified_time\" content=\"2025-11-10T13:04:13+00:00\" \/>\n<meta name=\"twitter:card\" content=\"summary_large_image\" \/>\n<meta name=\"twitter:label1\" content=\"Tahmini okuma s\u00fcresi\" \/>\n\t<meta name=\"twitter:data1\" content=\"1 dakika\" \/>\n<script type=\"application\/ld+json\" class=\"yoast-schema-graph\">{\"@context\":\"https:\/\/schema.org\",\"@graph\":[{\"@type\":\"WebPage\",\"@id\":\"https:\/\/kariyerbelgelendirme.net\/kariyer\/bize-ulasin\/\",\"url\":\"https:\/\/kariyerbelgelendirme.net\/kariyer\/bize-ulasin\/\",\"name\":\"\u0130leti\u015fim - Kariyer Belgelendirme\",\"isPartOf\":{\"@id\":\"https:\/\/kariyerbelgelendirme.net\/kariyer\/#website\"},\"datePublished\":\"2018-01-08T01:36:09+00:00\",\"dateModified\":\"2025-11-10T13:04:13+00:00\",\"breadcrumb\":{\"@id\":\"https:\/\/kariyerbelgelendirme.net\/kariyer\/bize-ulasin\/#breadcrumb\"},\"inLanguage\":\"tr\",\"potentialAction\":[{\"@type\":\"ReadAction\",\"target\":[\"https:\/\/kariyerbelgelendirme.net\/kariyer\/bize-ulasin\/\"]}]},{\"@type\":\"BreadcrumbList\",\"@id\":\"https:\/\/kariyerbelgelendirme.net\/kariyer\/bize-ulasin\/#breadcrumb\",\"itemListElement\":[{\"@type\":\"ListItem\",\"position\":1,\"name\":\"Anasayfa\",\"item\":\"https:\/\/kariyerbelgelendirme.net\/kariyer\/\"},{\"@type\":\"ListItem\",\"position\":2,\"name\":\"\u0130leti\u015fim\"}]},{\"@type\":\"WebSite\",\"@id\":\"https:\/\/kariyerbelgelendirme.net\/kariyer\/#website\",\"url\":\"https:\/\/kariyerbelgelendirme.net\/kariyer\/\",\"name\":\"Kariyer Belgelendirme\",\"description\":\"\u00d6nce G\u00fcven\",\"potentialAction\":[{\"@type\":\"SearchAction\",\"target\":{\"@type\":\"EntryPoint\",\"urlTemplate\":\"https:\/\/kariyerbelgelendirme.net\/kariyer\/?s={search_term_string}\"},\"query-input\":\"required name=search_term_string\"}],\"inLanguage\":\"tr\"}]}<\/script>\n<!-- \/ Yoast SEO plugin. -->","yoast_head_json":{"title":"\u0130leti\u015fim - Kariyer Belgelendirme","robots":{"index":"index","follow":"follow","max-snippet":"max-snippet:-1","max-image-preview":"max-image-preview:large","max-video-preview":"max-video-preview:-1"},"canonical":"https:\/\/kariyerbelgelendirme.net\/kariyer\/bize-ulasin\/","og_locale":"tr_TR","og_type":"article","og_title":"\u0130leti\u015fim - Kariyer Belgelendirme","og_description":"Mail G\u00f6nderin \u0130tiraz ve \u015eikayet Formu Merkez Ofis Adres Orta Mahalle Demirkap\u0131 Caddesi Altay Pasaj\u0131 No:7\/12 Bayrampa\u015fa &#8211; \u0130stanbul Telefon \u00a00212 612 54 21 Cep 0533 260 38 68 \u00a0 Faks 0212 612 54 23 Mail kariyermyk@gmail.com S\u0131nav Merkezi Adres Terazidere Mahallesi, Cengiz Topel Soka\u011f\u0131 No:50 Bayrampa\u015fa &#8211; \u0130stanbul Telefon 0212 612 54 21 Cep [&hellip;]","og_url":"https:\/\/kariyerbelgelendirme.net\/kariyer\/bize-ulasin\/","og_site_name":"Kariyer Belgelendirme","article_modified_time":"2025-11-10T13:04:13+00:00","twitter_card":"summary_large_image","twitter_misc":{"Tahmini okuma s\u00fcresi":"1 dakika"},"schema":{"@context":"https:\/\/schema.org","@graph":[{"@type":"WebPage","@id":"https:\/\/kariyerbelgelendirme.net\/kariyer\/bize-ulasin\/","url":"https:\/\/kariyerbelgelendirme.net\/kariyer\/bize-ulasin\/","name":"\u0130leti\u015fim - Kariyer Belgelendirme","isPartOf":{"@id":"https:\/\/kariyerbelgelendirme.net\/kariyer\/#website"},"datePublished":"2018-01-08T01:36:09+00:00","dateModified":"2025-11-10T13:04:13+00:00","breadcrumb":{"@id":"https:\/\/kariyerbelgelendirme.net\/kariyer\/bize-ulasin\/#breadcrumb"},"inLanguage":"tr","potentialAction":[{"@type":"ReadAction","target":["https:\/\/kariyerbelgelendirme.net\/kariyer\/bize-ulasin\/"]}]},{"@type":"BreadcrumbList","@id":"https:\/\/kariyerbelgelendirme.net\/kariyer\/bize-ulasin\/#breadcrumb","itemListElement":[{"@type":"ListItem","position":1,"name":"Anasayfa","item":"https:\/\/kariyerbelgelendirme.net\/kariyer\/"},{"@type":"ListItem","position":2,"name":"\u0130leti\u015fim"}]},{"@type":"WebSite","@id":"https:\/\/kariyerbelgelendirme.net\/kariyer\/#website","url":"https:\/\/kariyerbelgelendirme.net\/kariyer\/","name":"Kariyer Belgelendirme","description":"\u00d6nce G\u00fcven","potentialAction":[{"@type":"SearchAction","target":{"@type":"EntryPoint","urlTemplate":"https:\/\/kariyerbelgelendirme.net\/kariyer\/?s={search_term_string}"},"query-input":"required name=search_term_string"}],"inLanguage":"tr"}]}},"_links":{"self":[{"href":"https:\/\/kariyerbelgelendirme.net\/kariyer\/wp-json\/wp\/v2\/pages\/3926"}],"collection":[{"href":"https:\/\/kariyerbelgelendirme.net\/kariyer\/wp-json\/wp\/v2\/pages"}],"about":[{"href":"https:\/\/kariyerbelgelendirme.net\/kariyer\/wp-json\/wp\/v2\/types\/page"}],"author":[{"embeddable":true,"href":"https:\/\/kariyerbelgelendirme.net\/kariyer\/wp-json\/wp\/v2\/users\/1"}],"replies":[{"embeddable":true,"href":"https:\/\/kariyerbelgelendirme.net\/kariyer\/wp-json\/wp\/v2\/comments?post=3926"}],"version-history":[{"count":43,"href":"https:\/\/kariyerbelgelendirme.net\/kariyer\/wp-json\/wp\/v2\/pages\/3926\/revisions"}],"predecessor-version":[{"id":5052,"href":"https:\/\/kariyerbelgelendirme.net\/kariyer\/wp-json\/wp\/v2\/pages\/3926\/revisions\/5052"}],"wp:attachment":[{"href":"https:\/\/kariyerbelgelendirme.net\/kariyer\/wp-json\/wp\/v2\/media?parent=3926"}],"curies":[{"name":"wp","href":"https:\/\/api.w.org\/{rel}","templated":true}]}}