{"id":3815,"date":"2018-01-02T14:19:15","date_gmt":"2018-01-02T12:19:15","guid":{"rendered":"http:\/\/kariyerbelgelendirme.net\/kariyer\/?page_id=3815"},"modified":"2018-01-02T14:19:15","modified_gmt":"2018-01-02T12:19:15","slug":"tesvik","status":"publish","type":"page","link":"https:\/\/kariyerbelgelendirme.net\/kariyer\/tesvik\/","title":{"rendered":"tesvik"},"content":{"rendered":"\t\t<div data-elementor-type=\"wp-post\" data-elementor-id=\"3815\" class=\"elementor elementor-3815 elementor-bc-flex-widget\">\n\t\t\t\t\t\t\t\t\t<section class=\"elementor-section elementor-top-section elementor-element elementor-element-fnau6vt elementor-section-boxed elementor-section-height-default elementor-section-height-default\" data-id=\"fnau6vt\" data-element_type=\"section\">\n\t\t\t\t\t\t<div class=\"elementor-container elementor-column-gap-default\">\n\t\t\t\t\t<div class=\"elementor-column elementor-col-100 elementor-top-column elementor-element elementor-element-2yi0sq9\" data-id=\"2yi0sq9\" data-element_type=\"column\">\n\t\t\t<div class=\"elementor-widget-wrap elementor-element-populated\">\n\t\t\t\t\t\t\t\t<div class=\"elementor-element elementor-element-vmwh2zd elementor-widget elementor-widget-text-editor\" data-id=\"vmwh2zd\" data-element_type=\"widget\" data-widget_type=\"text-editor.default\">\n\t\t\t\t<div class=\"elementor-widget-container\">\n\t\t\t\t\t\t\t<h3 class=\"block-head\"><span style=\"color: #ff0000;\">MESLEK\u0130 BELGELEND\u0130RMEDE DEVLET TE\u015eV\u0130\u011e\u0130<\/span><\/h3><p>a-) Belge sahibi i\u015f\u00e7ilerin prime esas kazan\u00e7lar\u0131 \u00fczerinden hesaplanan sigorta primlerinin i\u015fveren hisselerine ait tutar\u0131, \u0130\u015fsizlik Sigortas\u0131 fonundan kar\u015f\u0131lan\u0131r. 6111 say\u0131l\u0131 torba kanun h\u00fck\u00fcmleri gere\u011fince MYK Mesleki Yeterlilik Belgeli ki\u015fileri istihdam eden i\u015fletmeler 48 ila 54 aya kadar te\u015fvikten yararlanabilecektir.;<br \/><br \/><\/p><p>b-) 5544 say\u0131l\u0131 MYK kanununa eklenen madde ile tehlikeli ve \u00e7ok tehlikeli i\u015flerden olup, Bakanl\u0131k\u00e7a \u00e7\u0131kar\u0131lacak tebli\u011flerde belirtilen mesleklerde, 21.09.2006 tarihli ve 5544 say\u0131l\u0131 Mesleki Yeterlilik Kurumu kanunu kapsam\u0131nda yetkilendirilmi\u015f s\u0131nav ve belgelendirme kurulu\u015flar\u0131n\u0131n ger\u00e7ekle\u015ftirece\u011fi s\u0131navlarda ba\u015far\u0131l\u0131 olan ki\u015filerin 01.01.2018 tarihinden 31.12.2019 tarihine kadar belge masraf\u0131 ile s\u0131nav \u00fccretleri Fon\u2019dan kar\u015f\u0131lanacakt\u0131r. Yine belgelendirme zorunlulu\u011fu olan bu mesleklerde s\u0131navda ba\u015far\u0131l\u0131 olarak belge alan i\u015f\u00e7inin s\u0131nav ve belgelendirme \u00fccretlerinin tamam\u0131 i\u015f\u00e7iye devlet taraf\u0131ndan iade edilmektedir.\u00a0<br \/><br \/>\u2022 c-)6645 Say\u0131l\u0131 Kanunun 74. maddesi (1) uyar\u0131nca; Tehlikeli ve \u00e7ok tehlikeli i\u015flerden olup \u00c7al\u0131\u015fma ve Sosyal G\u00fcvenlik Bakanl\u0131\u011f\u0131nca \u00e7\u0131kar\u0131lan tebli\u011flerde belirtilen mesleklerde, tebli\u011flerin yay\u0131m tarihinden itibaren on iki ay sonra MYK Mesleki Yeterlilik Belgesine sahip olmayan ki\u015filer\u00a0<strong>\u00e7al\u0131\u015ft\u0131r\u0131lamamaktad\u0131r.<\/strong><br \/>\u2022 d-)Te\u015fvikten sadece s\u0131navlarda ba\u015far\u0131l\u0131 olarak belge almaya hak kazananlar yararlanabilir. Ba\u015far\u0131s\u0131z olan ki\u015filerin 2 defa \u00fccretsiz s\u0131navlara girme hakk\u0131 bulunmaktad\u0131r.<br \/>\u2022 e-)Ki\u015filer te\u015fvikten yaln\u0131zca bir kez yararlanabilir.<\/p>\t\t\t\t\t\t<\/div>\n\t\t\t\t<\/div>\n\t\t\t\t\t<\/div>\n\t\t<\/div>\n\t\t\t\t\t\t\t<\/div>\n\t\t<\/section>\n\t\t\t\t\t\t\t<\/div>\n\t\t","protected":false},"excerpt":{"rendered":"<p>MESLEK\u0130 BELGELEND\u0130RMEDE DEVLET TE\u015eV\u0130\u011e\u0130 a-) Belge sahibi i\u015f\u00e7ilerin prime esas kazan\u00e7lar\u0131 \u00fczerinden hesaplanan sigorta primlerinin i\u015fveren hisselerine ait tutar\u0131, \u0130\u015fsizlik Sigortas\u0131 fonundan kar\u015f\u0131lan\u0131r. 6111 say\u0131l\u0131 torba kanun h\u00fck\u00fcmleri gere\u011fince MYK Mesleki Yeterlilik Belgeli ki\u015fileri istihdam eden i\u015fletmeler 48 ila 54 aya kadar te\u015fvikten yararlanabilecektir.; b-) 5544 say\u0131l\u0131 MYK kanununa eklenen madde ile tehlikeli ve \u00e7ok [&hellip;] <a class=\"more-link\" href=\"https:\/\/kariyerbelgelendirme.net\/kariyer\/tesvik\/\">Devam\u0131n\u0131 Oku<\/a><\/p>\n","protected":false},"author":1,"featured_media":0,"parent":0,"menu_order":0,"comment_status":"closed","ping_status":"closed","template":"","meta":{"footnotes":""},"yoast_head":"<!-- This site is optimized with the Yoast SEO plugin v21.8 - https:\/\/yoast.com\/wordpress\/plugins\/seo\/ -->\n<title>tesvik - Kariyer Belgelendirme<\/title>\n<meta name=\"robots\" content=\"index, follow, max-snippet:-1, max-image-preview:large, max-video-preview:-1\" \/>\n<link rel=\"canonical\" href=\"https:\/\/kariyerbelgelendirme.net\/kariyer\/tesvik\/\" \/>\n<meta property=\"og:locale\" content=\"tr_TR\" \/>\n<meta property=\"og:type\" content=\"article\" \/>\n<meta property=\"og:title\" content=\"tesvik - Kariyer Belgelendirme\" \/>\n<meta property=\"og:description\" content=\"MESLEK\u0130 BELGELEND\u0130RMEDE DEVLET TE\u015eV\u0130\u011e\u0130 a-) Belge sahibi i\u015f\u00e7ilerin prime esas kazan\u00e7lar\u0131 \u00fczerinden hesaplanan sigorta primlerinin i\u015fveren hisselerine ait tutar\u0131, \u0130\u015fsizlik Sigortas\u0131 fonundan kar\u015f\u0131lan\u0131r. 6111 say\u0131l\u0131 torba kanun h\u00fck\u00fcmleri gere\u011fince MYK Mesleki Yeterlilik Belgeli ki\u015fileri istihdam eden i\u015fletmeler 48 ila 54 aya kadar te\u015fvikten yararlanabilecektir.; b-) 5544 say\u0131l\u0131 MYK kanununa eklenen madde ile tehlikeli ve \u00e7ok [&hellip;]\" \/>\n<meta property=\"og:url\" content=\"https:\/\/kariyerbelgelendirme.net\/kariyer\/tesvik\/\" \/>\n<meta property=\"og:site_name\" content=\"Kariyer Belgelendirme\" \/>\n<meta name=\"twitter:card\" content=\"summary_large_image\" \/>\n<meta name=\"twitter:label1\" content=\"Tahmini okuma s\u00fcresi\" \/>\n\t<meta name=\"twitter:data1\" content=\"1 dakika\" \/>\n<script type=\"application\/ld+json\" class=\"yoast-schema-graph\">{\"@context\":\"https:\/\/schema.org\",\"@graph\":[{\"@type\":\"WebPage\",\"@id\":\"https:\/\/kariyerbelgelendirme.net\/kariyer\/tesvik\/\",\"url\":\"https:\/\/kariyerbelgelendirme.net\/kariyer\/tesvik\/\",\"name\":\"tesvik - Kariyer Belgelendirme\",\"isPartOf\":{\"@id\":\"https:\/\/kariyerbelgelendirme.net\/kariyer\/#website\"},\"datePublished\":\"2018-01-02T12:19:15+00:00\",\"dateModified\":\"2018-01-02T12:19:15+00:00\",\"breadcrumb\":{\"@id\":\"https:\/\/kariyerbelgelendirme.net\/kariyer\/tesvik\/#breadcrumb\"},\"inLanguage\":\"tr\",\"potentialAction\":[{\"@type\":\"ReadAction\",\"target\":[\"https:\/\/kariyerbelgelendirme.net\/kariyer\/tesvik\/\"]}]},{\"@type\":\"BreadcrumbList\",\"@id\":\"https:\/\/kariyerbelgelendirme.net\/kariyer\/tesvik\/#breadcrumb\",\"itemListElement\":[{\"@type\":\"ListItem\",\"position\":1,\"name\":\"Anasayfa\",\"item\":\"https:\/\/kariyerbelgelendirme.net\/kariyer\/\"},{\"@type\":\"ListItem\",\"position\":2,\"name\":\"tesvik\"}]},{\"@type\":\"WebSite\",\"@id\":\"https:\/\/kariyerbelgelendirme.net\/kariyer\/#website\",\"url\":\"https:\/\/kariyerbelgelendirme.net\/kariyer\/\",\"name\":\"Kariyer Belgelendirme\",\"description\":\"\u00d6nce G\u00fcven\",\"potentialAction\":[{\"@type\":\"SearchAction\",\"target\":{\"@type\":\"EntryPoint\",\"urlTemplate\":\"https:\/\/kariyerbelgelendirme.net\/kariyer\/?s={search_term_string}\"},\"query-input\":\"required name=search_term_string\"}],\"inLanguage\":\"tr\"}]}<\/script>\n<!-- \/ Yoast SEO plugin. -->","yoast_head_json":{"title":"tesvik - Kariyer Belgelendirme","robots":{"index":"index","follow":"follow","max-snippet":"max-snippet:-1","max-image-preview":"max-image-preview:large","max-video-preview":"max-video-preview:-1"},"canonical":"https:\/\/kariyerbelgelendirme.net\/kariyer\/tesvik\/","og_locale":"tr_TR","og_type":"article","og_title":"tesvik - Kariyer Belgelendirme","og_description":"MESLEK\u0130 BELGELEND\u0130RMEDE DEVLET TE\u015eV\u0130\u011e\u0130 a-) Belge sahibi i\u015f\u00e7ilerin prime esas kazan\u00e7lar\u0131 \u00fczerinden hesaplanan sigorta primlerinin i\u015fveren hisselerine ait tutar\u0131, \u0130\u015fsizlik Sigortas\u0131 fonundan kar\u015f\u0131lan\u0131r. 6111 say\u0131l\u0131 torba kanun h\u00fck\u00fcmleri gere\u011fince MYK Mesleki Yeterlilik Belgeli ki\u015fileri istihdam eden i\u015fletmeler 48 ila 54 aya kadar te\u015fvikten yararlanabilecektir.; b-) 5544 say\u0131l\u0131 MYK kanununa eklenen madde ile tehlikeli ve \u00e7ok [&hellip;]","og_url":"https:\/\/kariyerbelgelendirme.net\/kariyer\/tesvik\/","og_site_name":"Kariyer Belgelendirme","twitter_card":"summary_large_image","twitter_misc":{"Tahmini okuma s\u00fcresi":"1 dakika"},"schema":{"@context":"https:\/\/schema.org","@graph":[{"@type":"WebPage","@id":"https:\/\/kariyerbelgelendirme.net\/kariyer\/tesvik\/","url":"https:\/\/kariyerbelgelendirme.net\/kariyer\/tesvik\/","name":"tesvik - Kariyer Belgelendirme","isPartOf":{"@id":"https:\/\/kariyerbelgelendirme.net\/kariyer\/#website"},"datePublished":"2018-01-02T12:19:15+00:00","dateModified":"2018-01-02T12:19:15+00:00","breadcrumb":{"@id":"https:\/\/kariyerbelgelendirme.net\/kariyer\/tesvik\/#breadcrumb"},"inLanguage":"tr","potentialAction":[{"@type":"ReadAction","target":["https:\/\/kariyerbelgelendirme.net\/kariyer\/tesvik\/"]}]},{"@type":"BreadcrumbList","@id":"https:\/\/kariyerbelgelendirme.net\/kariyer\/tesvik\/#breadcrumb","itemListElement":[{"@type":"ListItem","position":1,"name":"Anasayfa","item":"https:\/\/kariyerbelgelendirme.net\/kariyer\/"},{"@type":"ListItem","position":2,"name":"tesvik"}]},{"@type":"WebSite","@id":"https:\/\/kariyerbelgelendirme.net\/kariyer\/#website","url":"https:\/\/kariyerbelgelendirme.net\/kariyer\/","name":"Kariyer Belgelendirme","description":"\u00d6nce G\u00fcven","potentialAction":[{"@type":"SearchAction","target":{"@type":"EntryPoint","urlTemplate":"https:\/\/kariyerbelgelendirme.net\/kariyer\/?s={search_term_string}"},"query-input":"required name=search_term_string"}],"inLanguage":"tr"}]}},"_links":{"self":[{"href":"https:\/\/kariyerbelgelendirme.net\/kariyer\/wp-json\/wp\/v2\/pages\/3815"}],"collection":[{"href":"https:\/\/kariyerbelgelendirme.net\/kariyer\/wp-json\/wp\/v2\/pages"}],"about":[{"href":"https:\/\/kariyerbelgelendirme.net\/kariyer\/wp-json\/wp\/v2\/types\/page"}],"author":[{"embeddable":true,"href":"https:\/\/kariyerbelgelendirme.net\/kariyer\/wp-json\/wp\/v2\/users\/1"}],"replies":[{"embeddable":true,"href":"https:\/\/kariyerbelgelendirme.net\/kariyer\/wp-json\/wp\/v2\/comments?post=3815"}],"version-history":[{"count":2,"href":"https:\/\/kariyerbelgelendirme.net\/kariyer\/wp-json\/wp\/v2\/pages\/3815\/revisions"}],"predecessor-version":[{"id":3817,"href":"https:\/\/kariyerbelgelendirme.net\/kariyer\/wp-json\/wp\/v2\/pages\/3815\/revisions\/3817"}],"wp:attachment":[{"href":"https:\/\/kariyerbelgelendirme.net\/kariyer\/wp-json\/wp\/v2\/media?parent=3815"}],"curies":[{"name":"wp","href":"https:\/\/api.w.org\/{rel}","templated":true}]}}