{"id":3759,"date":"2018-01-02T05:26:06","date_gmt":"2018-01-02T03:26:06","guid":{"rendered":"http:\/\/kariyerbelgelendirme.net\/kariyer\/?page_id=3759"},"modified":"2018-01-15T10:14:39","modified_gmt":"2018-01-15T08:14:39","slug":"belge-kullanim-sozlesmesi","status":"publish","type":"page","link":"https:\/\/kariyerbelgelendirme.net\/kariyer\/belge-kullanim-sozlesmesi\/","title":{"rendered":"Belge Kullan\u0131m S\u00f6zle\u015fmesi"},"content":{"rendered":"\t\t<div data-elementor-type=\"wp-post\" data-elementor-id=\"3759\" class=\"elementor elementor-3759 elementor-bc-flex-widget\">\n\t\t\t\t\t\t\t\t\t<section class=\"elementor-section elementor-top-section elementor-element elementor-element-iyo9l8a elementor-section-boxed elementor-section-height-default elementor-section-height-default\" data-id=\"iyo9l8a\" data-element_type=\"section\">\n\t\t\t\t\t\t<div class=\"elementor-container elementor-column-gap-default\">\n\t\t\t\t\t<div class=\"elementor-column elementor-col-66 elementor-top-column elementor-element elementor-element-62q9olw\" data-id=\"62q9olw\" data-element_type=\"column\">\n\t\t\t<div class=\"elementor-widget-wrap elementor-element-populated\">\n\t\t\t\t\t\t\t\t<div class=\"elementor-element elementor-element-o1lfe1n elementor-widget elementor-widget-text-editor\" data-id=\"o1lfe1n\" data-element_type=\"widget\" data-widget_type=\"text-editor.default\">\n\t\t\t\t<div class=\"elementor-widget-container\">\n\t\t\t\t\t\t\t<p><strong>A. TARAFLAR<\/strong><br \/>KAR\u0130YER YAPI M\u0130MARLIK \u0130N\u015eAAT SAN.VET\u0130C. LTD.\u015eT\u0130. Bu s\u00f6zle\u015fmede BELGELEND\u0130RME KURULU\u015eU olarak ifade edilecektir BELGELEND\u0130RME KURULU\u015eU belgelendirme s\u0131navlar\u0131na ba\u015fvuran adaylar. Bu s\u00f6zle\u015fmede aday olarak ifade edilecektir<br \/>\u0130\u015f bu s\u00f6zle\u015fme, BELGELEND\u0130RME KURULU\u015eU belgelendirme ve belgenin ge\u00e7erlili\u011fi s\u00fcresince, taraflar\u0131n sahip olduklar\u0131 haklar\u0131 ve y\u00fck\u00fcml\u00fcl\u00fckleri belirlemek \u00fczere imza alt\u0131na al\u0131nm\u0131\u015ft\u0131r.<\/p><p><strong>B. GENEL<\/strong><br \/>1. Bu s\u00f6zle\u015fme iki n\u00fcsha haz\u0131rlan\u0131r ve belge almaya hak kazanmas\u0131 halinde biri adaya verilir.<br \/>2. S\u00f6zle\u015fme kural ve \u015fartlar\u0131, KAR\u0130YER BELGELEND\u0130RME taraf\u0131ndan, ba\u015fvuruda bulunan adaylara ve belgelendirilmi\u015f ki\u015filere yaz\u0131l\u0131 , s\u00f6zl\u00fc g\u00f6r\u00fc\u015fme ile veya web de duyuru \u015feklinde aktar\u0131mla herhangi bir de\u011fi\u015fiklik yap\u0131ld\u0131\u011f\u0131na dair bilgilendirme yap\u0131lmad\u0131\u011f\u0131 s\u00fcrece ge\u00e7erlidir.<\/p><p><strong>C. ADAYIN Y\u00dcK\u00dcML\u00dcL\u00dcKLER\u0130<\/strong><br \/>BELGELEND\u0130RME KURULU\u015eU\u2018 ndan belge almam halinde alm\u0131\u015f oldu\u011fum &#8230;&#8230;&#8230;&#8230;&#8230;&#8230;&#8230;&#8230;&#8230;&#8230;&#8230;&#8230;&#8230;&#8230;&#8230;&#8230;&#8230;&#8230;&#8230;. Kapsaml\u0131 &#8230;&#8230;&#8230;&#8230;&#8230;&#8230;&#8230;&#8230;&#8230;&#8230;&#8230;&#8230;&#8230;&#8230;&#8230;&#8230;&#8230;&#8230;&#8230;&#8230;&#8230; numaral\u0131 Belgemi,<br \/>BELGELEND\u0130RME KURULU\u015eU , MYK ve TURKAK\u2019 a ait logoyu yasal d\u00fczenlemelere riayetle birlikte a\u015fa\u011f\u0131daki ko\u015fullara uygun kullanaca\u011f\u0131m\u0131, aksi taktirde t\u00fcm yasal sorumluluklar\u0131n m\u00fcnhas\u0131ran taraf\u0131ma ait olaca\u011f\u0131n\u0131 pe\u015finen kabul, beyan ve taahh\u00fct ederim.<br \/>1. Ald\u0131\u011f\u0131m belgeyi kapsam\u0131 dahilinde ve yasal d\u00fczenlemelere uygun olarak kullanaca\u011f\u0131m\u0131,<br \/>2. Belge, oranlar sabit kalmak \u015fart\u0131yla k\u00fc\u00e7\u00fclt\u00fcl\u00fcp, b\u00fcy\u00fclt\u00fclebilece\u011fimi. Ancak belge \u00fczerindeki ifadelerin net bir \u015fekilde okunmas\u0131 sa\u011flayaca\u011f\u0131m\u0131,<br \/>3. BELGELEND\u0130RME KURULU\u015eU WEB sitesinde yay\u0131nlanacak Standartlar\u0131n ve Ulusal Yeterliliklerin revizyonu sebebiyle belgelendirme \u015fartlar\u0131nda yap\u0131lacak de\u011fi\u015fikliklere riayet edece\u011fimi ve \u00f6n bildirim olarak kabul etti\u011fimi.<br \/>4. Ald\u0131\u011f\u0131m belgeyi BELGELEND\u0130RME KURULU\u015eU\u2019na zarar verecek \u015fekilde kullanmayaca\u011f\u0131m\u0131, Ki\u015fisel bilgilerimde veya belgelendirme \u015fartlar\u0131n\u0131 yerine getirmeye devam edemeyece\u011fim fiziksel durumumda de\u011fi\u015fiklik oldu\u011funda BELGELEND\u0130RME KURULU\u015eU yetkililerine bir ay i\u00e7erisinde bilgi verece\u011fimi .<br \/>5. MYK ve T\u00fcrk Akreditasyon Kurumu\u2019nun Mevzuat ve Logo Kullan\u0131m Talimatlar\u0131na riayet edece\u011fimi. BELGELEND\u0130RME KURULU\u015eU, MYK ve TURKAK kurulu\u015flar\u0131 hakk\u0131nda yan\u0131lt\u0131c\u0131 ve ger\u00e7ek d\u0131\u015f\u0131 beyanlarda bulunmayaca\u011f\u0131m\u0131.<br \/>6. Ald\u0131\u011f\u0131m belgeyi g\u00f6zetim s\u00fcrelerine uyma konusunda ve BELGELEND\u0130RME KURULU\u015eU\u2019nu bilgilendirece\u011fimi ve \u015fahit evraklar\u0131 BELGELEND\u0130RME KURULU\u015eU\u2019 na ula\u015ft\u0131rma konusunda t\u00fcm sorumluluklar\u0131n bana ait oldu\u011funu.<br \/>7. Belgelendirme standard\u0131 TS EN ISO\/IEC 17024 \u2018e g\u00f6re belgeyi almaya hak kazand\u0131\u011f\u0131m taktirde kullan\u0131m hakk\u0131n\u0131n kapsam dahilinde bana, sertifika m\u00fclkiyetinin ise BELGELEND\u0130RME KURULU\u015eU\u2019 na ait oldu\u011funu kabul etti\u011fimi.<br \/>8. Ald\u0131\u011f\u0131m belgeyi belgenin yasal ve\/veya hakl\u0131 nedenlerle ask\u0131ya al\u0131nmas\u0131 veya iptali durumunda, belgeyi kullanmaya derhal son verece\u011fimi ve BELGELEND\u0130RME KURULU\u015eU\u2019nun verdi\u011fi t\u00fcm belge ve eklerini iade edece\u011fimi. Kay\u0131ts\u0131z \u015farts\u0131z ve gayri kabili r\u00fccu olarak, kabul, beyan ve taahh\u00fct ederim.<\/p><p><strong>D.BELGELEND\u0130RME KURULU\u015eU\u2019NUN Y\u00dcK\u00dcML\u00dcL\u00dcKLER\u0130<\/strong><br \/>1. Belgelendirme s\u0131nav\u0131 ba\u015fvuru \u015fartlar\u0131n\u0131, t\u00fcm adaylar\u0131n eri\u015fimine a\u00e7\u0131k olacak ve gerekli t\u00fcm bilgileri i\u00e7erecek \u015fekilde BELGELEND\u0130RME KURULU\u015eU web sitesinde ve gerekli g\u00f6r\u00fclen di\u011fer ara\u00e7lar vas\u0131tas\u0131yla zaman\u0131nda ilan etmekten,<br \/>2. Ba\u015fvuru ve s\u0131navla ilgili yap\u0131labilecek de\u011fi\u015fiklikleri adaylara zaman\u0131nda duyurmaktan,<br \/>3. Adaylar\u0131 ba\u015fvurular\u0131n\u0131n kabul\u00fc, s\u0131nava girilecek tarih ve yer bilgileri, s\u0131nav sonu\u00e7 bilgileri ve ba\u015far\u0131 durumlar\u0131 hakk\u0131nda BELGELEND\u0130RME KURULU\u015eU web sitesi telefon ve e-posta vas\u0131talar\u0131ndan en az biriyle bilgilendirmekle,<br \/>4. \u015eartlar\u0131 sa\u011flayan t\u00fcm adaylar\u0131n ba\u015fvurular\u0131n\u0131 kabul etmekle ,<br \/>5. Al\u0131nan belgelerin ge\u00e7erlili\u011fi boyunca; g\u00f6zetim, belge kapsam\u0131n\u0131n de\u011fi\u015ftirilmesi, belgenin ask\u0131ya<br \/>al\u0131nmas\u0131\/iptali, yeniden belgelendirme ve belgelendirme program\u0131 \u015fartlar\u0131ndaki de\u011fi\u015fiklikler, web sitesinden BELGELEND\u0130RME KURULU\u015eU web sitesi telefon ve e-posta vas\u0131talar\u0131ndan en az biriyle bilgilendirmekle,<br \/>6. Belgelendirme prosesleriyle ilgili t\u00fcm itiraz veya \u015fik\u00e2yetlerin tarafs\u0131z bir \u015fekilde ve zaman\u0131nda de\u011ferlendirilmesini sa\u011flamakla .<br \/>7. Belgelendirme ba\u015fvurusunda bulunan herkesin ki\u015fisel bilgilerinin gizlili\u011fini ve g\u00fcvenli\u011fini sa\u011flamay\u0131 yasal zorunluluk nedeni ile ki\u015fisel bilgilerin payla\u015f\u0131m\u0131 durumunda adaya bilgi vermeyi taahh\u00fct eder.<br \/>8. Europass belgesini talep edildi\u011finde teslim eder.(Ulusal europass merkezi taraf\u0131ndan verilebildi\u011fi takdirde)<br \/><br \/>Anla\u015fmazl\u0131klar\u0131n \u00c7\u00f6z\u00fcm\u00fc<br \/>Bu s\u00f6zle\u015fmenin uygulanmas\u0131ndan kaynaklanan her t\u00fcrl\u00fc anla\u015fmazl\u0131\u011f\u0131n \u00e7\u00f6z\u00fcmlenmesinde yetkili mahkeme olarak \u0130stanbul Bayrampa\u015fa mahkemelerini kabul ederler.<\/p>\t\t\t\t\t\t<\/div>\n\t\t\t\t<\/div>\n\t\t\t\t\t<\/div>\n\t\t<\/div>\n\t\t\t\t<div class=\"elementor-column elementor-col-33 elementor-top-column elementor-element elementor-element-8khqmpt\" data-id=\"8khqmpt\" data-element_type=\"column\">\n\t\t\t<div class=\"elementor-widget-wrap elementor-element-populated\">\n\t\t\t\t\t\t\t\t<div class=\"elementor-element elementor-element-r8w6q1h elementor-widget elementor-widget-text-editor\" data-id=\"r8w6q1h\" data-element_type=\"widget\" data-widget_type=\"text-editor.default\">\n\t\t\t\t<div class=\"elementor-widget-container\">\n\t\t\t\t\t\t\t<ul class=\"list list-ok alt\"><li><a href=\"http:\/\/kariyerbelgelendirme.net\/kariyer\/mesleki-yeterlilik-belgesi-nedir\/\">Mesleki Yeterlilik Belgesi Nedir<\/a><\/li><li><a href=\"http:\/\/kariyerbelgelendirme.net\/kariyer\/hizmet-kapsami\/\">Hizmet Kapsam\u0131<\/a><\/li><li><a href=\"http:\/\/kariyerbelgelendirme.net\/kariyer\/hedeflerimiz-ve-aksiyon-planimiz\/\">Hedeflerimiz ve Aksiyon Plan\u0131<\/a><\/li><li><a href=\"http:\/\/kariyerbelgelendirme.net\/kariyer\/itiraz-sikayet-ve-oneri-proseduru\/\">\u0130tiraz \u015eikayet \u00d6neri Prosed\u00fcr\u00fc<\/a><\/li><li><a href=\"http:\/\/kariyerbelgelendirme.net\/kariyer\/belge-kullanim-sozlesmesi\/\">Belge Kullan\u0131m S\u00f6zle\u015fmesi<\/a><\/li><li><a href=\"http:\/\/kariyerbelgelendirme.net\/kariyer\/belge-form-ve-sartnameler\/\">Belge Form ve \u015eartnameler<\/a><\/li><\/ul>\t\t\t\t\t\t<\/div>\n\t\t\t\t<\/div>\n\t\t\t\t\t<\/div>\n\t\t<\/div>\n\t\t\t\t\t\t\t<\/div>\n\t\t<\/section>\n\t\t\t\t\t\t\t<\/div>\n\t\t","protected":false},"excerpt":{"rendered":"<p>A. TARAFLARKAR\u0130YER YAPI M\u0130MARLIK \u0130N\u015eAAT SAN.VET\u0130C. LTD.\u015eT\u0130. Bu s\u00f6zle\u015fmede BELGELEND\u0130RME KURULU\u015eU olarak ifade edilecektir BELGELEND\u0130RME KURULU\u015eU belgelendirme s\u0131navlar\u0131na ba\u015fvuran adaylar. Bu s\u00f6zle\u015fmede aday olarak ifade edilecektir\u0130\u015f bu s\u00f6zle\u015fme, BELGELEND\u0130RME KURULU\u015eU belgelendirme ve belgenin ge\u00e7erlili\u011fi s\u00fcresince, taraflar\u0131n sahip olduklar\u0131 haklar\u0131 ve y\u00fck\u00fcml\u00fcl\u00fckleri belirlemek \u00fczere imza alt\u0131na al\u0131nm\u0131\u015ft\u0131r. B. GENEL1. Bu s\u00f6zle\u015fme iki n\u00fcsha haz\u0131rlan\u0131r ve belge [&hellip;] <a class=\"more-link\" href=\"https:\/\/kariyerbelgelendirme.net\/kariyer\/belge-kullanim-sozlesmesi\/\">Devam\u0131n\u0131 Oku<\/a><\/p>\n","protected":false},"author":1,"featured_media":0,"parent":0,"menu_order":0,"comment_status":"closed","ping_status":"closed","template":"","meta":{"footnotes":""},"yoast_head":"<!-- This site is optimized with the Yoast SEO plugin v21.8 - https:\/\/yoast.com\/wordpress\/plugins\/seo\/ -->\n<title>Belge Kullan\u0131m S\u00f6zle\u015fmesi - Kariyer Belgelendirme<\/title>\n<meta name=\"robots\" content=\"index, follow, max-snippet:-1, max-image-preview:large, max-video-preview:-1\" \/>\n<link rel=\"canonical\" href=\"https:\/\/kariyerbelgelendirme.net\/kariyer\/belge-kullanim-sozlesmesi\/\" \/>\n<meta property=\"og:locale\" content=\"tr_TR\" \/>\n<meta property=\"og:type\" content=\"article\" \/>\n<meta property=\"og:title\" content=\"Belge Kullan\u0131m S\u00f6zle\u015fmesi - Kariyer Belgelendirme\" \/>\n<meta property=\"og:description\" content=\"A. TARAFLARKAR\u0130YER YAPI M\u0130MARLIK \u0130N\u015eAAT SAN.VET\u0130C. LTD.\u015eT\u0130. Bu s\u00f6zle\u015fmede BELGELEND\u0130RME KURULU\u015eU olarak ifade edilecektir BELGELEND\u0130RME KURULU\u015eU belgelendirme s\u0131navlar\u0131na ba\u015fvuran adaylar. Bu s\u00f6zle\u015fmede aday olarak ifade edilecektir\u0130\u015f bu s\u00f6zle\u015fme, BELGELEND\u0130RME KURULU\u015eU belgelendirme ve belgenin ge\u00e7erlili\u011fi s\u00fcresince, taraflar\u0131n sahip olduklar\u0131 haklar\u0131 ve y\u00fck\u00fcml\u00fcl\u00fckleri belirlemek \u00fczere imza alt\u0131na al\u0131nm\u0131\u015ft\u0131r. B. GENEL1. Bu s\u00f6zle\u015fme iki n\u00fcsha haz\u0131rlan\u0131r ve belge [&hellip;]\" \/>\n<meta property=\"og:url\" content=\"https:\/\/kariyerbelgelendirme.net\/kariyer\/belge-kullanim-sozlesmesi\/\" \/>\n<meta property=\"og:site_name\" content=\"Kariyer Belgelendirme\" \/>\n<meta property=\"article:modified_time\" content=\"2018-01-15T08:14:39+00:00\" \/>\n<meta name=\"twitter:card\" content=\"summary_large_image\" \/>\n<meta name=\"twitter:label1\" content=\"Tahmini okuma s\u00fcresi\" \/>\n\t<meta name=\"twitter:data1\" content=\"4 dakika\" \/>\n<script type=\"application\/ld+json\" class=\"yoast-schema-graph\">{\"@context\":\"https:\/\/schema.org\",\"@graph\":[{\"@type\":\"WebPage\",\"@id\":\"https:\/\/kariyerbelgelendirme.net\/kariyer\/belge-kullanim-sozlesmesi\/\",\"url\":\"https:\/\/kariyerbelgelendirme.net\/kariyer\/belge-kullanim-sozlesmesi\/\",\"name\":\"Belge Kullan\u0131m S\u00f6zle\u015fmesi - Kariyer Belgelendirme\",\"isPartOf\":{\"@id\":\"https:\/\/kariyerbelgelendirme.net\/kariyer\/#website\"},\"datePublished\":\"2018-01-02T03:26:06+00:00\",\"dateModified\":\"2018-01-15T08:14:39+00:00\",\"breadcrumb\":{\"@id\":\"https:\/\/kariyerbelgelendirme.net\/kariyer\/belge-kullanim-sozlesmesi\/#breadcrumb\"},\"inLanguage\":\"tr\",\"potentialAction\":[{\"@type\":\"ReadAction\",\"target\":[\"https:\/\/kariyerbelgelendirme.net\/kariyer\/belge-kullanim-sozlesmesi\/\"]}]},{\"@type\":\"BreadcrumbList\",\"@id\":\"https:\/\/kariyerbelgelendirme.net\/kariyer\/belge-kullanim-sozlesmesi\/#breadcrumb\",\"itemListElement\":[{\"@type\":\"ListItem\",\"position\":1,\"name\":\"Anasayfa\",\"item\":\"https:\/\/kariyerbelgelendirme.net\/kariyer\/\"},{\"@type\":\"ListItem\",\"position\":2,\"name\":\"Belge Kullan\u0131m S\u00f6zle\u015fmesi\"}]},{\"@type\":\"WebSite\",\"@id\":\"https:\/\/kariyerbelgelendirme.net\/kariyer\/#website\",\"url\":\"https:\/\/kariyerbelgelendirme.net\/kariyer\/\",\"name\":\"Kariyer Belgelendirme\",\"description\":\"\u00d6nce G\u00fcven\",\"potentialAction\":[{\"@type\":\"SearchAction\",\"target\":{\"@type\":\"EntryPoint\",\"urlTemplate\":\"https:\/\/kariyerbelgelendirme.net\/kariyer\/?s={search_term_string}\"},\"query-input\":\"required name=search_term_string\"}],\"inLanguage\":\"tr\"}]}<\/script>\n<!-- \/ Yoast SEO plugin. -->","yoast_head_json":{"title":"Belge Kullan\u0131m S\u00f6zle\u015fmesi - Kariyer Belgelendirme","robots":{"index":"index","follow":"follow","max-snippet":"max-snippet:-1","max-image-preview":"max-image-preview:large","max-video-preview":"max-video-preview:-1"},"canonical":"https:\/\/kariyerbelgelendirme.net\/kariyer\/belge-kullanim-sozlesmesi\/","og_locale":"tr_TR","og_type":"article","og_title":"Belge Kullan\u0131m S\u00f6zle\u015fmesi - Kariyer Belgelendirme","og_description":"A. TARAFLARKAR\u0130YER YAPI M\u0130MARLIK \u0130N\u015eAAT SAN.VET\u0130C. LTD.\u015eT\u0130. Bu s\u00f6zle\u015fmede BELGELEND\u0130RME KURULU\u015eU olarak ifade edilecektir BELGELEND\u0130RME KURULU\u015eU belgelendirme s\u0131navlar\u0131na ba\u015fvuran adaylar. Bu s\u00f6zle\u015fmede aday olarak ifade edilecektir\u0130\u015f bu s\u00f6zle\u015fme, BELGELEND\u0130RME KURULU\u015eU belgelendirme ve belgenin ge\u00e7erlili\u011fi s\u00fcresince, taraflar\u0131n sahip olduklar\u0131 haklar\u0131 ve y\u00fck\u00fcml\u00fcl\u00fckleri belirlemek \u00fczere imza alt\u0131na al\u0131nm\u0131\u015ft\u0131r. B. GENEL1. Bu s\u00f6zle\u015fme iki n\u00fcsha haz\u0131rlan\u0131r ve belge [&hellip;]","og_url":"https:\/\/kariyerbelgelendirme.net\/kariyer\/belge-kullanim-sozlesmesi\/","og_site_name":"Kariyer Belgelendirme","article_modified_time":"2018-01-15T08:14:39+00:00","twitter_card":"summary_large_image","twitter_misc":{"Tahmini okuma s\u00fcresi":"4 dakika"},"schema":{"@context":"https:\/\/schema.org","@graph":[{"@type":"WebPage","@id":"https:\/\/kariyerbelgelendirme.net\/kariyer\/belge-kullanim-sozlesmesi\/","url":"https:\/\/kariyerbelgelendirme.net\/kariyer\/belge-kullanim-sozlesmesi\/","name":"Belge Kullan\u0131m S\u00f6zle\u015fmesi - Kariyer Belgelendirme","isPartOf":{"@id":"https:\/\/kariyerbelgelendirme.net\/kariyer\/#website"},"datePublished":"2018-01-02T03:26:06+00:00","dateModified":"2018-01-15T08:14:39+00:00","breadcrumb":{"@id":"https:\/\/kariyerbelgelendirme.net\/kariyer\/belge-kullanim-sozlesmesi\/#breadcrumb"},"inLanguage":"tr","potentialAction":[{"@type":"ReadAction","target":["https:\/\/kariyerbelgelendirme.net\/kariyer\/belge-kullanim-sozlesmesi\/"]}]},{"@type":"BreadcrumbList","@id":"https:\/\/kariyerbelgelendirme.net\/kariyer\/belge-kullanim-sozlesmesi\/#breadcrumb","itemListElement":[{"@type":"ListItem","position":1,"name":"Anasayfa","item":"https:\/\/kariyerbelgelendirme.net\/kariyer\/"},{"@type":"ListItem","position":2,"name":"Belge Kullan\u0131m S\u00f6zle\u015fmesi"}]},{"@type":"WebSite","@id":"https:\/\/kariyerbelgelendirme.net\/kariyer\/#website","url":"https:\/\/kariyerbelgelendirme.net\/kariyer\/","name":"Kariyer Belgelendirme","description":"\u00d6nce G\u00fcven","potentialAction":[{"@type":"SearchAction","target":{"@type":"EntryPoint","urlTemplate":"https:\/\/kariyerbelgelendirme.net\/kariyer\/?s={search_term_string}"},"query-input":"required name=search_term_string"}],"inLanguage":"tr"}]}},"_links":{"self":[{"href":"https:\/\/kariyerbelgelendirme.net\/kariyer\/wp-json\/wp\/v2\/pages\/3759"}],"collection":[{"href":"https:\/\/kariyerbelgelendirme.net\/kariyer\/wp-json\/wp\/v2\/pages"}],"about":[{"href":"https:\/\/kariyerbelgelendirme.net\/kariyer\/wp-json\/wp\/v2\/types\/page"}],"author":[{"embeddable":true,"href":"https:\/\/kariyerbelgelendirme.net\/kariyer\/wp-json\/wp\/v2\/users\/1"}],"replies":[{"embeddable":true,"href":"https:\/\/kariyerbelgelendirme.net\/kariyer\/wp-json\/wp\/v2\/comments?post=3759"}],"version-history":[{"count":5,"href":"https:\/\/kariyerbelgelendirme.net\/kariyer\/wp-json\/wp\/v2\/pages\/3759\/revisions"}],"predecessor-version":[{"id":3959,"href":"https:\/\/kariyerbelgelendirme.net\/kariyer\/wp-json\/wp\/v2\/pages\/3759\/revisions\/3959"}],"wp:attachment":[{"href":"https:\/\/kariyerbelgelendirme.net\/kariyer\/wp-json\/wp\/v2\/media?parent=3759"}],"curies":[{"name":"wp","href":"https:\/\/api.w.org\/{rel}","templated":true}]}}