{"id":3748,"date":"2018-01-02T05:09:38","date_gmt":"2018-01-02T03:09:38","guid":{"rendered":"http:\/\/kariyerbelgelendirme.net\/kariyer\/?page_id=3748"},"modified":"2018-01-15T09:55:30","modified_gmt":"2018-01-15T07:55:30","slug":"mesleki-yeterlilik-belgesi-nedir","status":"publish","type":"page","link":"https:\/\/kariyerbelgelendirme.net\/kariyer\/mesleki-yeterlilik-belgesi-nedir\/","title":{"rendered":"Mesleki Yeterlilik Belgesi Nedir"},"content":{"rendered":"\t\t<div data-elementor-type=\"wp-post\" data-elementor-id=\"3748\" class=\"elementor elementor-3748 elementor-bc-flex-widget\">\n\t\t\t\t\t\t\t\t\t<section class=\"elementor-section elementor-top-section elementor-element elementor-element-z3drnph elementor-section-boxed elementor-section-height-default elementor-section-height-default\" data-id=\"z3drnph\" data-element_type=\"section\">\n\t\t\t\t\t\t<div class=\"elementor-container elementor-column-gap-default\">\n\t\t\t\t\t<div class=\"elementor-column elementor-col-66 elementor-top-column elementor-element elementor-element-qn1apfy\" data-id=\"qn1apfy\" data-element_type=\"column\">\n\t\t\t<div class=\"elementor-widget-wrap elementor-element-populated\">\n\t\t\t\t\t\t\t\t<div class=\"elementor-element elementor-element-0qlys2l elementor-widget elementor-widget-text-editor\" data-id=\"0qlys2l\" data-element_type=\"widget\" data-widget_type=\"text-editor.default\">\n\t\t\t\t<div class=\"elementor-widget-container\">\n\t\t\t\t\t\t\t<p><strong>Ulusal Mesleki Yeterlilik Sistemi nedir?<\/strong><br \/>Ulusal Mesleki Yeterlilik Sistemi; ulusal meslek standartlar\u0131n\u0131n olu\u015fturuldu\u011fu, mesleki ve teknik e\u011fitim ve \u00f6\u011fretim programlar\u0131n\u0131n bu standartlara g\u00f6re haz\u0131rland\u0131\u011f\u0131, i\u015fg\u00fcc\u00fcn\u00fcn mesleki yeterlili\u011finin akredite olmu\u015f ve MYK taraf\u0131ndan yetkilendirilmi\u015f kurulu\u015flarca \u00f6l\u00e7me ve de\u011ferlendirme merkezlerinde yap\u0131lan teorik ve uygulamal\u0131 s\u0131navlar sonucunda belgelendirildi\u011fi, al\u0131nan belgelerin ulusal ve uluslararas\u0131 d\u00fczeyde k\u0131yaslanabilirli\u011finin sa\u011fland\u0131\u011f\u0131, hayat boyu \u00f6\u011frenmenin desteklendi\u011fi, formel (\u00f6rg\u00fcn) e\u011fitim almadan mesle\u011fi \u00f6\u011frenen ki\u015filere becerilerini belgelendirme imkan\u0131n\u0131n verildi\u011fi ve i\u015f d\u00fcnyas\u0131 temsilcilerinin s\u00fcrece ili\u015fkin t\u00fcm kararlara aktif olarak kat\u0131ld\u0131\u011f\u0131, kalite g\u00fcvencesinin sa\u011fland\u0131\u011f\u0131, adil, \u015feffaf ve g\u00fcvenilir bir sistemdir.<br \/><strong>Hangi Mesleklerde MYK belgeleri verilecektir?<\/strong><br \/>5544 say\u0131l\u0131 MYK Kanunun 2. Maddesinde belirtildi\u011fi \u00fczere tabiplik, di\u015f hekimli\u011fi, hem\u015firelik, ebelik, eczac\u0131l\u0131k, veterinerlik, m\u00fchendislik ve mimarl\u0131k meslekleri ile en az lisans d\u00fczeyinde \u00f6\u011frenimi gerektiren ve mesle\u011fe giri\u015f \u015fartlar\u0131 kanunla d\u00fczenlenmi\u015f olan meslekler MYK Kanunu\u2019nun kapsam\u0131 d\u0131\u015f\u0131nda kalmaktad\u0131r. Bunlar\u0131n haricindeki b\u00fct\u00fcn mesleklere ili\u015fkin yeterliliklerde MYK belgelerinin verilmesi zaman i\u00e7inde s\u00f6z konusu olacakt\u0131r. Ancak belgelendirme s\u00fcreci i\u015f piyasas\u0131n\u0131n \u00f6ncelikleri, ihtiya\u00e7 ve beklentileri do\u011frultusunda s\u0131nav ve belgelendirme kurulu\u015flar\u0131n\u0131n yetkilendirdikleri mesleklerde belgelendirme yap\u0131labilmekte olup bu mesleklerin say\u0131s\u0131 sistemin yayg\u0131nla\u015fmas\u0131na paralel olarak artacakt\u0131r.<br \/><strong>S\u0131nav ve belgelendirme s\u00fcreci nas\u0131l i\u015flemektedir<\/strong>?<br \/>S\u0131nav ve belgelendirme s\u00fcreci, belirlenen ulusal yeterliliklerde akredite olmu\u015f ve MYK taraf\u0131ndan yetkilendirilmi\u015f kurum\/kurulu\u015flarca y\u00fcr\u00fct\u00fclmektedir. Belgelendirme i\u00e7in gerekli t\u00fcm i\u015flemler MYK\u2019n\u0131n g\u00f6zetim ve denetimi alt\u0131nda, ilgili yeterlilikte yetkilendirilmi\u015f belgelendirme kurulu\u015fu taraf\u0131ndan y\u00fcr\u00fct\u00fclmektedir. Yetkilendirilmi\u015f kurulu\u015fun yapaca\u011f\u0131 \u00f6l\u00e7me ve de\u011ferlendirme sonucunda belgelendirilmesi uygun olan ki\u015filere MYK Y\u00f6netim Kurulu\u2019nun onay\u0131 ile MYK Mesleki Yeterlilik Belgeleri verilmektedir.<br \/>Mesleki Yeterlilik Belgesi almak i\u00e7in gereken \u015fartlar ise her meslek i\u00e7in geli\u015ftirilen Ulusal Yeterliliklerle belirlenmektedir. Buna g\u00f6re MYK Mesleki Yeterlilik Belgesi almak isteyen adaylar ilgili yeterlilikte yetkilendirilmi\u015f personel belgelendirme kurulu\u015flar\u0131ndan birine ba\u015fvururlar. Bu konuda y\u00fcr\u00fct\u00fclen i\u015flemlerin detaylar\u0131 MYK taraf\u0131ndan \u00e7\u0131kar\u0131lan Mesleki Yeterlilik, S\u0131nav ve Belgelendirme Y\u00f6netmeli\u011fi ile belirlenmi\u015ftir.\u00a0<\/p>\t\t\t\t\t\t<\/div>\n\t\t\t\t<\/div>\n\t\t\t\t\t<\/div>\n\t\t<\/div>\n\t\t\t\t<div class=\"elementor-column elementor-col-33 elementor-top-column elementor-element elementor-element-iou61y6\" data-id=\"iou61y6\" data-element_type=\"column\">\n\t\t\t<div class=\"elementor-widget-wrap elementor-element-populated\">\n\t\t\t\t\t\t\t\t<div class=\"elementor-element elementor-element-wp0ygtx elementor-widget elementor-widget-text-editor\" data-id=\"wp0ygtx\" data-element_type=\"widget\" data-widget_type=\"text-editor.default\">\n\t\t\t\t<div class=\"elementor-widget-container\">\n\t\t\t\t\t\t\t<ul class=\"list list-ok alt\"><li><a href=\"http:\/\/kariyerbelgelendirme.net\/kariyer\/mesleki-yeterlilik-belgesi-nedir\/\">Mesleki Yeterlilik Belgesi Nedir<\/a><\/li><li><a href=\"http:\/\/kariyerbelgelendirme.net\/kariyer\/hizmet-kapsami\/\">Hizmet Kapsam\u0131<\/a><\/li><li><a href=\"http:\/\/kariyerbelgelendirme.net\/kariyer\/hedeflerimiz-ve-aksiyon-planimiz\/\">Hedeflerimiz ve Aksiyon Plan\u0131<\/a><\/li><li><a href=\"http:\/\/kariyerbelgelendirme.net\/kariyer\/itiraz-sikayet-ve-oneri-proseduru\/\">\u0130tiraz \u015eikayet \u00d6neri Prosed\u00fcr\u00fc<\/a><\/li><li><a href=\"http:\/\/kariyerbelgelendirme.net\/kariyer\/belge-kullanim-sozlesmesi\/\">Belge Kullan\u0131m S\u00f6zle\u015fmesi<\/a><\/li><li><a href=\"http:\/\/kariyerbelgelendirme.net\/kariyer\/belge-form-ve-sartnameler\/\">Belge Form ve \u015eartnameler<\/a><\/li><\/ul>\t\t\t\t\t\t<\/div>\n\t\t\t\t<\/div>\n\t\t\t\t\t<\/div>\n\t\t<\/div>\n\t\t\t\t\t\t\t<\/div>\n\t\t<\/section>\n\t\t\t\t\t\t\t<\/div>\n\t\t","protected":false},"excerpt":{"rendered":"<p>Ulusal Mesleki Yeterlilik Sistemi nedir?Ulusal Mesleki Yeterlilik Sistemi; ulusal meslek standartlar\u0131n\u0131n olu\u015fturuldu\u011fu, mesleki ve teknik e\u011fitim ve \u00f6\u011fretim programlar\u0131n\u0131n bu standartlara g\u00f6re haz\u0131rland\u0131\u011f\u0131, i\u015fg\u00fcc\u00fcn\u00fcn mesleki yeterlili\u011finin akredite olmu\u015f ve MYK taraf\u0131ndan yetkilendirilmi\u015f kurulu\u015flarca \u00f6l\u00e7me ve de\u011ferlendirme merkezlerinde yap\u0131lan teorik ve uygulamal\u0131 s\u0131navlar sonucunda belgelendirildi\u011fi, al\u0131nan belgelerin ulusal ve uluslararas\u0131 d\u00fczeyde k\u0131yaslanabilirli\u011finin sa\u011fland\u0131\u011f\u0131, hayat boyu \u00f6\u011frenmenin [&hellip;] <a class=\"more-link\" href=\"https:\/\/kariyerbelgelendirme.net\/kariyer\/mesleki-yeterlilik-belgesi-nedir\/\">Devam\u0131n\u0131 Oku<\/a><\/p>\n","protected":false},"author":1,"featured_media":0,"parent":0,"menu_order":0,"comment_status":"closed","ping_status":"closed","template":"","meta":{"footnotes":""},"yoast_head":"<!-- This site is optimized with the Yoast SEO plugin v21.8 - https:\/\/yoast.com\/wordpress\/plugins\/seo\/ -->\n<title>Mesleki Yeterlilik Belgesi Nedir - Kariyer Belgelendirme<\/title>\n<meta name=\"robots\" content=\"index, follow, max-snippet:-1, max-image-preview:large, max-video-preview:-1\" \/>\n<link rel=\"canonical\" href=\"https:\/\/kariyerbelgelendirme.net\/kariyer\/mesleki-yeterlilik-belgesi-nedir\/\" \/>\n<meta property=\"og:locale\" content=\"tr_TR\" \/>\n<meta property=\"og:type\" content=\"article\" \/>\n<meta property=\"og:title\" content=\"Mesleki Yeterlilik Belgesi Nedir - Kariyer Belgelendirme\" \/>\n<meta property=\"og:description\" content=\"Ulusal Mesleki Yeterlilik Sistemi nedir?Ulusal Mesleki Yeterlilik Sistemi; ulusal meslek standartlar\u0131n\u0131n olu\u015fturuldu\u011fu, mesleki ve teknik e\u011fitim ve \u00f6\u011fretim programlar\u0131n\u0131n bu standartlara g\u00f6re haz\u0131rland\u0131\u011f\u0131, i\u015fg\u00fcc\u00fcn\u00fcn mesleki yeterlili\u011finin akredite olmu\u015f ve MYK taraf\u0131ndan yetkilendirilmi\u015f kurulu\u015flarca \u00f6l\u00e7me ve de\u011ferlendirme merkezlerinde yap\u0131lan teorik ve uygulamal\u0131 s\u0131navlar sonucunda belgelendirildi\u011fi, al\u0131nan belgelerin ulusal ve uluslararas\u0131 d\u00fczeyde k\u0131yaslanabilirli\u011finin sa\u011fland\u0131\u011f\u0131, hayat boyu \u00f6\u011frenmenin [&hellip;]\" \/>\n<meta property=\"og:url\" content=\"https:\/\/kariyerbelgelendirme.net\/kariyer\/mesleki-yeterlilik-belgesi-nedir\/\" \/>\n<meta property=\"og:site_name\" content=\"Kariyer Belgelendirme\" \/>\n<meta property=\"article:modified_time\" content=\"2018-01-15T07:55:30+00:00\" \/>\n<meta name=\"twitter:card\" content=\"summary_large_image\" \/>\n<meta name=\"twitter:label1\" content=\"Tahmini okuma s\u00fcresi\" \/>\n\t<meta name=\"twitter:data1\" content=\"2 dakika\" \/>\n<script type=\"application\/ld+json\" class=\"yoast-schema-graph\">{\"@context\":\"https:\/\/schema.org\",\"@graph\":[{\"@type\":\"WebPage\",\"@id\":\"https:\/\/kariyerbelgelendirme.net\/kariyer\/mesleki-yeterlilik-belgesi-nedir\/\",\"url\":\"https:\/\/kariyerbelgelendirme.net\/kariyer\/mesleki-yeterlilik-belgesi-nedir\/\",\"name\":\"Mesleki Yeterlilik Belgesi Nedir - Kariyer Belgelendirme\",\"isPartOf\":{\"@id\":\"https:\/\/kariyerbelgelendirme.net\/kariyer\/#website\"},\"datePublished\":\"2018-01-02T03:09:38+00:00\",\"dateModified\":\"2018-01-15T07:55:30+00:00\",\"breadcrumb\":{\"@id\":\"https:\/\/kariyerbelgelendirme.net\/kariyer\/mesleki-yeterlilik-belgesi-nedir\/#breadcrumb\"},\"inLanguage\":\"tr\",\"potentialAction\":[{\"@type\":\"ReadAction\",\"target\":[\"https:\/\/kariyerbelgelendirme.net\/kariyer\/mesleki-yeterlilik-belgesi-nedir\/\"]}]},{\"@type\":\"BreadcrumbList\",\"@id\":\"https:\/\/kariyerbelgelendirme.net\/kariyer\/mesleki-yeterlilik-belgesi-nedir\/#breadcrumb\",\"itemListElement\":[{\"@type\":\"ListItem\",\"position\":1,\"name\":\"Anasayfa\",\"item\":\"https:\/\/kariyerbelgelendirme.net\/kariyer\/\"},{\"@type\":\"ListItem\",\"position\":2,\"name\":\"Mesleki Yeterlilik Belgesi Nedir\"}]},{\"@type\":\"WebSite\",\"@id\":\"https:\/\/kariyerbelgelendirme.net\/kariyer\/#website\",\"url\":\"https:\/\/kariyerbelgelendirme.net\/kariyer\/\",\"name\":\"Kariyer Belgelendirme\",\"description\":\"\u00d6nce G\u00fcven\",\"potentialAction\":[{\"@type\":\"SearchAction\",\"target\":{\"@type\":\"EntryPoint\",\"urlTemplate\":\"https:\/\/kariyerbelgelendirme.net\/kariyer\/?s={search_term_string}\"},\"query-input\":\"required name=search_term_string\"}],\"inLanguage\":\"tr\"}]}<\/script>\n<!-- \/ Yoast SEO plugin. -->","yoast_head_json":{"title":"Mesleki Yeterlilik Belgesi Nedir - Kariyer Belgelendirme","robots":{"index":"index","follow":"follow","max-snippet":"max-snippet:-1","max-image-preview":"max-image-preview:large","max-video-preview":"max-video-preview:-1"},"canonical":"https:\/\/kariyerbelgelendirme.net\/kariyer\/mesleki-yeterlilik-belgesi-nedir\/","og_locale":"tr_TR","og_type":"article","og_title":"Mesleki Yeterlilik Belgesi Nedir - Kariyer Belgelendirme","og_description":"Ulusal Mesleki Yeterlilik Sistemi nedir?Ulusal Mesleki Yeterlilik Sistemi; ulusal meslek standartlar\u0131n\u0131n olu\u015fturuldu\u011fu, mesleki ve teknik e\u011fitim ve \u00f6\u011fretim programlar\u0131n\u0131n bu standartlara g\u00f6re haz\u0131rland\u0131\u011f\u0131, i\u015fg\u00fcc\u00fcn\u00fcn mesleki yeterlili\u011finin akredite olmu\u015f ve MYK taraf\u0131ndan yetkilendirilmi\u015f kurulu\u015flarca \u00f6l\u00e7me ve de\u011ferlendirme merkezlerinde yap\u0131lan teorik ve uygulamal\u0131 s\u0131navlar sonucunda belgelendirildi\u011fi, al\u0131nan belgelerin ulusal ve uluslararas\u0131 d\u00fczeyde k\u0131yaslanabilirli\u011finin sa\u011fland\u0131\u011f\u0131, hayat boyu \u00f6\u011frenmenin [&hellip;]","og_url":"https:\/\/kariyerbelgelendirme.net\/kariyer\/mesleki-yeterlilik-belgesi-nedir\/","og_site_name":"Kariyer Belgelendirme","article_modified_time":"2018-01-15T07:55:30+00:00","twitter_card":"summary_large_image","twitter_misc":{"Tahmini okuma s\u00fcresi":"2 dakika"},"schema":{"@context":"https:\/\/schema.org","@graph":[{"@type":"WebPage","@id":"https:\/\/kariyerbelgelendirme.net\/kariyer\/mesleki-yeterlilik-belgesi-nedir\/","url":"https:\/\/kariyerbelgelendirme.net\/kariyer\/mesleki-yeterlilik-belgesi-nedir\/","name":"Mesleki Yeterlilik Belgesi Nedir - Kariyer Belgelendirme","isPartOf":{"@id":"https:\/\/kariyerbelgelendirme.net\/kariyer\/#website"},"datePublished":"2018-01-02T03:09:38+00:00","dateModified":"2018-01-15T07:55:30+00:00","breadcrumb":{"@id":"https:\/\/kariyerbelgelendirme.net\/kariyer\/mesleki-yeterlilik-belgesi-nedir\/#breadcrumb"},"inLanguage":"tr","potentialAction":[{"@type":"ReadAction","target":["https:\/\/kariyerbelgelendirme.net\/kariyer\/mesleki-yeterlilik-belgesi-nedir\/"]}]},{"@type":"BreadcrumbList","@id":"https:\/\/kariyerbelgelendirme.net\/kariyer\/mesleki-yeterlilik-belgesi-nedir\/#breadcrumb","itemListElement":[{"@type":"ListItem","position":1,"name":"Anasayfa","item":"https:\/\/kariyerbelgelendirme.net\/kariyer\/"},{"@type":"ListItem","position":2,"name":"Mesleki Yeterlilik Belgesi Nedir"}]},{"@type":"WebSite","@id":"https:\/\/kariyerbelgelendirme.net\/kariyer\/#website","url":"https:\/\/kariyerbelgelendirme.net\/kariyer\/","name":"Kariyer Belgelendirme","description":"\u00d6nce G\u00fcven","potentialAction":[{"@type":"SearchAction","target":{"@type":"EntryPoint","urlTemplate":"https:\/\/kariyerbelgelendirme.net\/kariyer\/?s={search_term_string}"},"query-input":"required name=search_term_string"}],"inLanguage":"tr"}]}},"_links":{"self":[{"href":"https:\/\/kariyerbelgelendirme.net\/kariyer\/wp-json\/wp\/v2\/pages\/3748"}],"collection":[{"href":"https:\/\/kariyerbelgelendirme.net\/kariyer\/wp-json\/wp\/v2\/pages"}],"about":[{"href":"https:\/\/kariyerbelgelendirme.net\/kariyer\/wp-json\/wp\/v2\/types\/page"}],"author":[{"embeddable":true,"href":"https:\/\/kariyerbelgelendirme.net\/kariyer\/wp-json\/wp\/v2\/users\/1"}],"replies":[{"embeddable":true,"href":"https:\/\/kariyerbelgelendirme.net\/kariyer\/wp-json\/wp\/v2\/comments?post=3748"}],"version-history":[{"count":8,"href":"https:\/\/kariyerbelgelendirme.net\/kariyer\/wp-json\/wp\/v2\/pages\/3748\/revisions"}],"predecessor-version":[{"id":3952,"href":"https:\/\/kariyerbelgelendirme.net\/kariyer\/wp-json\/wp\/v2\/pages\/3748\/revisions\/3952"}],"wp:attachment":[{"href":"https:\/\/kariyerbelgelendirme.net\/kariyer\/wp-json\/wp\/v2\/media?parent=3748"}],"curies":[{"name":"wp","href":"https:\/\/api.w.org\/{rel}","templated":true}]}}