{"id":3744,"date":"2018-01-02T04:58:09","date_gmt":"2018-01-02T02:58:09","guid":{"rendered":"http:\/\/kariyerbelgelendirme.net\/kariyer\/?page_id=3744"},"modified":"2021-10-13T11:34:22","modified_gmt":"2021-10-13T08:34:22","slug":"hizmet-kapsami","status":"publish","type":"page","link":"https:\/\/kariyerbelgelendirme.net\/kariyer\/hizmet-kapsami\/","title":{"rendered":"Hizmet Kapsam\u0131"},"content":{"rendered":"\t\t<div data-elementor-type=\"wp-post\" data-elementor-id=\"3744\" class=\"elementor elementor-3744\">\n\t\t\t\t\t\t\t\t\t<section class=\"elementor-section elementor-top-section elementor-element elementor-element-51ad9ff elementor-section-boxed elementor-section-height-default elementor-section-height-default\" data-id=\"51ad9ff\" data-element_type=\"section\">\n\t\t\t\t\t\t<div class=\"elementor-container elementor-column-gap-default\">\n\t\t\t\t\t<div class=\"elementor-column elementor-col-50 elementor-top-column elementor-element elementor-element-4ecef57\" data-id=\"4ecef57\" data-element_type=\"column\">\n\t\t\t<div class=\"elementor-widget-wrap elementor-element-populated\">\n\t\t\t\t\t\t\t\t<div class=\"elementor-element elementor-element-34bb845 elementor-widget elementor-widget-text-editor\" data-id=\"34bb845\" data-element_type=\"widget\" data-widget_type=\"text-editor.default\">\n\t\t\t\t<div class=\"elementor-widget-container\">\n\t\t\t\t\t\t\t<p>1.AMA\u00c7 VE KAPSAM <br \/>Belgelendirme Kurulu\u015fu\u2019nda uygulanmakta olan TS EN ISO\/IEC 17024 Personel Belgelendirme Y\u00f6netim Sistemi faaliyetleri b\u00fcnyesinde y\u00fcr\u00fct\u00fclmekte olan faaliyetlerin Hizmet Kapsam\u0131n\u0131 a\u00e7\u0131klamakt\u0131r.<\/p><p>2.UYGULAMA DETAYI: <br \/>Uygulanmakta olan Hizmet Kapsam\u0131 a\u015fa\u011f\u0131daki gibidir;<\/p><p>\u00a0<\/p>\t\t\t\t\t\t<\/div>\n\t\t\t\t<\/div>\n\t\t\t\t\t<\/div>\n\t\t<\/div>\n\t\t\t\t<div class=\"elementor-column elementor-col-50 elementor-top-column elementor-element elementor-element-bcc61f3\" data-id=\"bcc61f3\" data-element_type=\"column\">\n\t\t\t<div class=\"elementor-widget-wrap elementor-element-populated\">\n\t\t\t\t\t\t\t\t<div class=\"elementor-element elementor-element-5dd387d elementor-widget elementor-widget-text-editor\" data-id=\"5dd387d\" data-element_type=\"widget\" data-widget_type=\"text-editor.default\">\n\t\t\t\t<div class=\"elementor-widget-container\">\n\t\t\t\t\t\t\t<ul class=\"list list-ok alt\"><li><a href=\"http:\/\/kariyerbelgelendirme.net\/kariyer\/mesleki-yeterlilik-belgesi-nedir\/\">Mesleki Yeterlilik Belgesi Nedir<\/a><\/li><li><a href=\"http:\/\/kariyerbelgelendirme.net\/kariyer\/hizmet-kapsami\/\">Hizmet Kapsam\u0131<\/a><\/li><li><a href=\"http:\/\/kariyerbelgelendirme.net\/kariyer\/hedeflerimiz-ve-aksiyon-planimiz\/\">Hedeflerimiz ve Aksiyon Plan\u0131<\/a><\/li><li><a href=\"http:\/\/kariyerbelgelendirme.net\/kariyer\/itiraz-sikayet-ve-oneri-proseduru\/\">\u0130tiraz \u015eikayet \u00d6neri Prosed\u00fcr\u00fc<\/a><\/li><li><a href=\"http:\/\/kariyerbelgelendirme.net\/kariyer\/belge-kullanim-sozlesmesi\/\">Belge Kullan\u0131m S\u00f6zle\u015fmesi<\/a><\/li><li><a href=\"http:\/\/kariyerbelgelendirme.net\/kariyer\/belge-form-ve-sartnameler\/\">Belge Form ve \u015eartnameler<\/a><\/li><\/ul>\t\t\t\t\t\t<\/div>\n\t\t\t\t<\/div>\n\t\t\t\t\t<\/div>\n\t\t<\/div>\n\t\t\t\t\t\t\t<\/div>\n\t\t<\/section>\n\t\t\t\t<section class=\"elementor-section elementor-top-section elementor-element elementor-element-3f94419 elementor-section-full_width elementor-section-height-default elementor-section-height-default\" data-id=\"3f94419\" data-element_type=\"section\">\n\t\t\t\t\t\t<div class=\"elementor-container elementor-column-gap-default\">\n\t\t\t\t\t<footer class=\"elementor-column elementor-col-100 elementor-top-column elementor-element elementor-element-93c7825 elementor-invisible\" data-id=\"93c7825\" data-element_type=\"column\" data-settings=\"{&quot;animation&quot;:&quot;slideInUp&quot;}\">\n\t\t\t<div class=\"elementor-widget-wrap elementor-element-populated\">\n\t\t\t\t\t\t\t\t<div class=\"elementor-element elementor-element-df399ae elementor-button-warning elementor-align-justify elementor-invisible elementor-widget elementor-widget-button\" data-id=\"df399ae\" data-element_type=\"widget\" data-settings=\"{&quot;_animation&quot;:&quot;bounceInRight&quot;,&quot;_animation_delay&quot;:900}\" data-widget_type=\"button.default\">\n\t\t\t\t<div class=\"elementor-widget-container\">\n\t\t\t\t\t<div class=\"elementor-button-wrapper\">\n\t\t\t<a class=\"elementor-button elementor-button-link elementor-size-lg elementor-animation-wobble-top\" href=\"http:\/\/kariyerbelgelendirme.net\/Hizmet_kapsami_insaat_sektoru.pdf\" target=\"_blank\">\n\t\t\t\t\t\t<span class=\"elementor-button-content-wrapper\">\n\t\t\t\t\t\t<span class=\"elementor-button-text\">\u0130N\u015eAAT SEKT\u00d6R\u00dc<\/span>\n\t\t<\/span>\n\t\t\t\t\t<\/a>\n\t\t<\/div>\n\t\t\t\t<\/div>\n\t\t\t\t<\/div>\n\t\t\t\t<div class=\"elementor-element elementor-element-beb27e8 elementor-button-warning elementor-align-justify elementor-invisible elementor-widget elementor-widget-button\" data-id=\"beb27e8\" data-element_type=\"widget\" data-settings=\"{&quot;_animation&quot;:&quot;bounceInRight&quot;,&quot;_animation_delay&quot;:900}\" data-widget_type=\"button.default\">\n\t\t\t\t<div class=\"elementor-widget-container\">\n\t\t\t\t\t<div class=\"elementor-button-wrapper\">\n\t\t\t<a class=\"elementor-button elementor-button-link elementor-size-lg elementor-animation-wobble-top\" href=\"http:\/\/kariyerbelgelendirme.net\/Hizmet_kapsami_kaynak_meslekleri.pdf\" target=\"_blank\">\n\t\t\t\t\t\t<span class=\"elementor-button-content-wrapper\">\n\t\t\t\t\t\t<span class=\"elementor-button-text\">KAYNAK MESLEKLER\u0130<\/span>\n\t\t<\/span>\n\t\t\t\t\t<\/a>\n\t\t<\/div>\n\t\t\t\t<\/div>\n\t\t\t\t<\/div>\n\t\t\t\t<div class=\"elementor-element elementor-element-0ff6238 elementor-button-warning elementor-align-justify elementor-invisible elementor-widget elementor-widget-button\" data-id=\"0ff6238\" data-element_type=\"widget\" data-settings=\"{&quot;_animation&quot;:&quot;bounceInRight&quot;,&quot;_animation_delay&quot;:900}\" data-widget_type=\"button.default\">\n\t\t\t\t<div class=\"elementor-widget-container\">\n\t\t\t\t\t<div class=\"elementor-button-wrapper\">\n\t\t\t<a class=\"elementor-button elementor-button-link elementor-size-lg elementor-animation-wobble-top\" href=\"http:\/\/kariyerbelgelendirme.net\/Hizmet_kapsami_tekstil_sektoru.pdf\" target=\"_blank\">\n\t\t\t\t\t\t<span class=\"elementor-button-content-wrapper\">\n\t\t\t\t\t\t<span class=\"elementor-button-text\">TEKST\u0130L SEKT\u00d6R\u00dc<\/span>\n\t\t<\/span>\n\t\t\t\t\t<\/a>\n\t\t<\/div>\n\t\t\t\t<\/div>\n\t\t\t\t<\/div>\n\t\t\t\t<div class=\"elementor-element elementor-element-463a078 elementor-button-warning elementor-align-justify elementor-invisible elementor-widget elementor-widget-button\" data-id=\"463a078\" data-element_type=\"widget\" data-settings=\"{&quot;_animation&quot;:&quot;bounceInRight&quot;,&quot;_animation_delay&quot;:900}\" data-widget_type=\"button.default\">\n\t\t\t\t<div class=\"elementor-widget-container\">\n\t\t\t\t\t<div class=\"elementor-button-wrapper\">\n\t\t\t<a class=\"elementor-button elementor-button-link elementor-size-lg elementor-animation-wobble-top\" href=\"http:\/\/kariyerbelgelendirme.net\/kariyer\/wp-content\/uploads\/2021\/10\/PB.EK01-EK04-Hizmet-Kapsami.Rev_.05-25.10.2018-TI\u0307CARET.pdf\" target=\"_blank\">\n\t\t\t\t\t\t<span class=\"elementor-button-content-wrapper\">\n\t\t\t\t\t\t<span class=\"elementor-button-text\">T\u0130CARET SEKT\u00d6R\u00dc<\/span>\n\t\t<\/span>\n\t\t\t\t\t<\/a>\n\t\t<\/div>\n\t\t\t\t<\/div>\n\t\t\t\t<\/div>\n\t\t\t\t<div class=\"elementor-element elementor-element-63545ad elementor-button-warning elementor-align-justify elementor-invisible elementor-widget elementor-widget-button\" data-id=\"63545ad\" data-element_type=\"widget\" data-settings=\"{&quot;_animation&quot;:&quot;bounceInRight&quot;,&quot;_animation_delay&quot;:900}\" data-widget_type=\"button.default\">\n\t\t\t\t<div class=\"elementor-widget-container\">\n\t\t\t\t\t<div class=\"elementor-button-wrapper\">\n\t\t\t<a class=\"elementor-button elementor-button-link elementor-size-lg elementor-animation-wobble-top\" href=\"http:\/\/kariyerbelgelendirme.net\/kariyer\/wp-content\/uploads\/2021\/10\/PB.EK01-EK04-Hizmet-Kapsami.Rev_.05-25.10.2018-ELEKTRI\u0307K.pdf\" target=\"_blank\">\n\t\t\t\t\t\t<span class=\"elementor-button-content-wrapper\">\n\t\t\t\t\t\t<span class=\"elementor-button-text\">ELEKTR\u0130K SEKT\u00d6R\u00dc<\/span>\n\t\t<\/span>\n\t\t\t\t\t<\/a>\n\t\t<\/div>\n\t\t\t\t<\/div>\n\t\t\t\t<\/div>\n\t\t\t\t\t<\/div>\n\t\t<\/footer>\n\t\t\t\t\t\t\t<\/div>\n\t\t<\/section>\n\t\t\t\t<section class=\"elementor-section elementor-top-section elementor-element elementor-element-29e5a7a elementor-section-boxed elementor-section-height-default elementor-section-height-default\" data-id=\"29e5a7a\" data-element_type=\"section\">\n\t\t\t\t\t\t<div class=\"elementor-container elementor-column-gap-default\">\n\t\t\t\t\t<div class=\"elementor-column elementor-col-100 elementor-top-column elementor-element elementor-element-6521bdd\" data-id=\"6521bdd\" data-element_type=\"column\">\n\t\t\t<div class=\"elementor-widget-wrap elementor-element-populated\">\n\t\t\t\t\t\t\t\t<div class=\"elementor-element elementor-element-38fc2ee elementor-widget-divider--view-line elementor-invisible elementor-widget elementor-widget-divider\" data-id=\"38fc2ee\" data-element_type=\"widget\" data-settings=\"{&quot;_animation&quot;:&quot;shake&quot;}\" data-widget_type=\"divider.default\">\n\t\t\t\t<div class=\"elementor-widget-container\">\n\t\t\t\t\t<div class=\"elementor-divider\">\n\t\t\t<span class=\"elementor-divider-separator\">\n\t\t\t\t\t\t<\/span>\n\t\t<\/div>\n\t\t\t\t<\/div>\n\t\t\t\t<\/div>\n\t\t\t\t\t<\/div>\n\t\t<\/div>\n\t\t\t\t\t\t\t<\/div>\n\t\t<\/section>\n\t\t\t\t<section class=\"elementor-section elementor-top-section elementor-element elementor-element-6526bd5 elementor-section-boxed elementor-section-height-default elementor-section-height-default\" data-id=\"6526bd5\" data-element_type=\"section\">\n\t\t\t\t\t\t<div class=\"elementor-container elementor-column-gap-default\">\n\t\t\t\t\t<div class=\"elementor-column elementor-col-100 elementor-top-column elementor-element elementor-element-121cfe9\" data-id=\"121cfe9\" data-element_type=\"column\">\n\t\t\t<div class=\"elementor-widget-wrap elementor-element-populated\">\n\t\t\t\t\t\t\t\t<div class=\"elementor-element elementor-element-89de79f elementor-tabs-view-horizontal elementor-widget elementor-widget-tabs\" data-id=\"89de79f\" data-element_type=\"widget\" data-widget_type=\"tabs.default\">\n\t\t\t\t<div class=\"elementor-widget-container\">\n\t\t\t\t\t<div class=\"elementor-tabs\">\n\t\t\t<div class=\"elementor-tabs-wrapper\" role=\"tablist\" >\n\t\t\t\t\t\t\t\t\t<div id=\"elementor-tab-title-1441\" class=\"elementor-tab-title elementor-tab-desktop-title\" aria-selected=\"true\" data-tab=\"1\" role=\"tab\" tabindex=\"0\" aria-controls=\"elementor-tab-content-1441\" aria-expanded=\"false\">\u0130n\u015faat<\/div>\n\t\t\t\t\t\t\t\t\t<div id=\"elementor-tab-title-1442\" class=\"elementor-tab-title elementor-tab-desktop-title\" aria-selected=\"false\" data-tab=\"2\" role=\"tab\" tabindex=\"-1\" aria-controls=\"elementor-tab-content-1442\" aria-expanded=\"false\">Tekstil<\/div>\n\t\t\t\t\t\t\t<\/div>\n\t\t\t<div class=\"elementor-tabs-content-wrapper\" role=\"tablist\" aria-orientation=\"vertical\">\n\t\t\t\t\t\t\t\t\t<div class=\"elementor-tab-title elementor-tab-mobile-title\" aria-selected=\"true\" data-tab=\"1\" role=\"tab\" tabindex=\"0\" aria-controls=\"elementor-tab-content-1441\" aria-expanded=\"false\">\u0130n\u015faat<\/div>\n\t\t\t\t\t<div id=\"elementor-tab-content-1441\" class=\"elementor-tab-content elementor-clearfix\" data-tab=\"1\" role=\"tabpanel\" aria-labelledby=\"elementor-tab-title-1441\" tabindex=\"0\" hidden=\"false\"><p>No Standard\/Belgelendirmeye Esas<br \/>Al\u0131nan D\u00f6k\u00fcman Akredite Edilen Kapsam SEV\u0130YE<br \/>1 11UY0036 -2:2014-Rev.01 \u0130PL\u0130K B\u0130T\u0130M \u0130\u015eLER\u0130 OPERAT\u00d6R\u00dc (SEV\u0130YE 2)<br \/>2 11UY0037 -2:2014-Rev.01 \u0130PL\u0130K E\u011e\u0130RME OPERAT\u00d6R\u00dc (SEV\u0130YE 2)<br \/>3 11UY0039 -3:2014-Rev.01 \u00d6N \u0130PL\u0130K OPERAT\u00d6R\u00dc (SEV\u0130YE 3)<br \/>4 13UY0137 -3:2014-Rev.01 B\u0130T\u0130M \u0130\u015eLER\u0130 OPERAT\u00d6R\u00dc (SEV\u0130YE 3)<br \/>5 13UY0138 -3:2014-Rev.01 BOYAMA OPERAT\u00d6R\u00dc (SEV\u0130YE 3)<\/p><\/div>\n\t\t\t\t\t\t\t\t\t<div class=\"elementor-tab-title elementor-tab-mobile-title\" aria-selected=\"false\" data-tab=\"2\" role=\"tab\" tabindex=\"-1\" aria-controls=\"elementor-tab-content-1442\" aria-expanded=\"false\">Tekstil<\/div>\n\t\t\t\t\t<div id=\"elementor-tab-content-1442\" class=\"elementor-tab-content elementor-clearfix\" data-tab=\"2\" role=\"tabpanel\" aria-labelledby=\"elementor-tab-title-1442\" tabindex=\"0\" hidden=\"hidden\"><p>No Standard\/Belgelendirmeye Esas<br \/>Al\u0131nan D\u00f6k\u00fcman Akredite Edilen Kapsam SEV\u0130YE<br \/>1 11UY0036 -2:2014-Rev.01 \u0130PL\u0130K B\u0130T\u0130M \u0130\u015eLER\u0130 OPERAT\u00d6R\u00dc (SEV\u0130YE 2)<br \/>2 11UY0037 -2:2014-Rev.01 \u0130PL\u0130K E\u011e\u0130RME OPERAT\u00d6R\u00dc (SEV\u0130YE 2)<br \/>3 11UY0039 -3:2014-Rev.01 \u00d6N \u0130PL\u0130K OPERAT\u00d6R\u00dc (SEV\u0130YE 3)<br \/>4 13UY0137 -3:2014-Rev.01 B\u0130T\u0130M \u0130\u015eLER\u0130 OPERAT\u00d6R\u00dc (SEV\u0130YE 3)<br \/>5 13UY0138 -3:2014-Rev.01 BOYAMA OPERAT\u00d6R\u00dc (SEV\u0130YE 3)<\/p><\/div>\n\t\t\t\t\t\t\t<\/div>\n\t\t<\/div>\n\t\t\t\t<\/div>\n\t\t\t\t<\/div>\n\t\t\t\t\t<\/div>\n\t\t<\/div>\n\t\t\t\t\t\t\t<\/div>\n\t\t<\/section>\n\t\t\t\t\t\t\t<\/div>\n\t\t","protected":false},"excerpt":{"rendered":"<p>1.AMA\u00c7 VE KAPSAM Belgelendirme Kurulu\u015fu\u2019nda uygulanmakta olan TS EN ISO\/IEC 17024 Personel Belgelendirme Y\u00f6netim Sistemi faaliyetleri b\u00fcnyesinde y\u00fcr\u00fct\u00fclmekte olan faaliyetlerin Hizmet Kapsam\u0131n\u0131 a\u00e7\u0131klamakt\u0131r. 2.UYGULAMA DETAYI: Uygulanmakta olan Hizmet Kapsam\u0131 a\u015fa\u011f\u0131daki gibidir; \u00a0 Mesleki Yeterlilik Belgesi Nedir Hizmet Kapsam\u0131 Hedeflerimiz ve Aksiyon Plan\u0131 \u0130tiraz \u015eikayet \u00d6neri Prosed\u00fcr\u00fc Belge Kullan\u0131m S\u00f6zle\u015fmesi Belge Form ve \u015eartnameler \u0130N\u015eAAT SEKT\u00d6R\u00dc [&hellip;] <a class=\"more-link\" href=\"https:\/\/kariyerbelgelendirme.net\/kariyer\/hizmet-kapsami\/\">Devam\u0131n\u0131 Oku<\/a><\/p>\n","protected":false},"author":1,"featured_media":0,"parent":0,"menu_order":0,"comment_status":"closed","ping_status":"closed","template":"","meta":{"footnotes":""},"yoast_head":"<!-- This site is optimized with the Yoast SEO plugin v21.8 - https:\/\/yoast.com\/wordpress\/plugins\/seo\/ -->\n<title>Hizmet Kapsam\u0131 - Kariyer Belgelendirme<\/title>\n<meta name=\"robots\" content=\"index, follow, max-snippet:-1, max-image-preview:large, max-video-preview:-1\" \/>\n<link rel=\"canonical\" href=\"https:\/\/kariyerbelgelendirme.net\/kariyer\/hizmet-kapsami\/\" \/>\n<meta property=\"og:locale\" content=\"tr_TR\" \/>\n<meta property=\"og:type\" content=\"article\" \/>\n<meta property=\"og:title\" content=\"Hizmet Kapsam\u0131 - Kariyer Belgelendirme\" \/>\n<meta property=\"og:description\" content=\"1.AMA\u00c7 VE KAPSAM Belgelendirme Kurulu\u015fu\u2019nda uygulanmakta olan TS EN ISO\/IEC 17024 Personel Belgelendirme Y\u00f6netim Sistemi faaliyetleri b\u00fcnyesinde y\u00fcr\u00fct\u00fclmekte olan faaliyetlerin Hizmet Kapsam\u0131n\u0131 a\u00e7\u0131klamakt\u0131r. 2.UYGULAMA DETAYI: Uygulanmakta olan Hizmet Kapsam\u0131 a\u015fa\u011f\u0131daki gibidir; \u00a0 Mesleki Yeterlilik Belgesi Nedir Hizmet Kapsam\u0131 Hedeflerimiz ve Aksiyon Plan\u0131 \u0130tiraz \u015eikayet \u00d6neri Prosed\u00fcr\u00fc Belge Kullan\u0131m S\u00f6zle\u015fmesi Belge Form ve \u015eartnameler \u0130N\u015eAAT SEKT\u00d6R\u00dc [&hellip;]\" \/>\n<meta property=\"og:url\" content=\"https:\/\/kariyerbelgelendirme.net\/kariyer\/hizmet-kapsami\/\" \/>\n<meta property=\"og:site_name\" content=\"Kariyer Belgelendirme\" \/>\n<meta property=\"article:modified_time\" content=\"2021-10-13T08:34:22+00:00\" \/>\n<meta name=\"twitter:card\" content=\"summary_large_image\" \/>\n<meta name=\"twitter:label1\" content=\"Tahmini okuma s\u00fcresi\" \/>\n\t<meta name=\"twitter:data1\" content=\"1 dakika\" \/>\n<script type=\"application\/ld+json\" class=\"yoast-schema-graph\">{\"@context\":\"https:\/\/schema.org\",\"@graph\":[{\"@type\":\"WebPage\",\"@id\":\"https:\/\/kariyerbelgelendirme.net\/kariyer\/hizmet-kapsami\/\",\"url\":\"https:\/\/kariyerbelgelendirme.net\/kariyer\/hizmet-kapsami\/\",\"name\":\"Hizmet Kapsam\u0131 - Kariyer Belgelendirme\",\"isPartOf\":{\"@id\":\"https:\/\/kariyerbelgelendirme.net\/kariyer\/#website\"},\"datePublished\":\"2018-01-02T02:58:09+00:00\",\"dateModified\":\"2021-10-13T08:34:22+00:00\",\"breadcrumb\":{\"@id\":\"https:\/\/kariyerbelgelendirme.net\/kariyer\/hizmet-kapsami\/#breadcrumb\"},\"inLanguage\":\"tr\",\"potentialAction\":[{\"@type\":\"ReadAction\",\"target\":[\"https:\/\/kariyerbelgelendirme.net\/kariyer\/hizmet-kapsami\/\"]}]},{\"@type\":\"BreadcrumbList\",\"@id\":\"https:\/\/kariyerbelgelendirme.net\/kariyer\/hizmet-kapsami\/#breadcrumb\",\"itemListElement\":[{\"@type\":\"ListItem\",\"position\":1,\"name\":\"Anasayfa\",\"item\":\"https:\/\/kariyerbelgelendirme.net\/kariyer\/\"},{\"@type\":\"ListItem\",\"position\":2,\"name\":\"Hizmet Kapsam\u0131\"}]},{\"@type\":\"WebSite\",\"@id\":\"https:\/\/kariyerbelgelendirme.net\/kariyer\/#website\",\"url\":\"https:\/\/kariyerbelgelendirme.net\/kariyer\/\",\"name\":\"Kariyer Belgelendirme\",\"description\":\"\u00d6nce G\u00fcven\",\"potentialAction\":[{\"@type\":\"SearchAction\",\"target\":{\"@type\":\"EntryPoint\",\"urlTemplate\":\"https:\/\/kariyerbelgelendirme.net\/kariyer\/?s={search_term_string}\"},\"query-input\":\"required name=search_term_string\"}],\"inLanguage\":\"tr\"}]}<\/script>\n<!-- \/ Yoast SEO plugin. -->","yoast_head_json":{"title":"Hizmet Kapsam\u0131 - Kariyer Belgelendirme","robots":{"index":"index","follow":"follow","max-snippet":"max-snippet:-1","max-image-preview":"max-image-preview:large","max-video-preview":"max-video-preview:-1"},"canonical":"https:\/\/kariyerbelgelendirme.net\/kariyer\/hizmet-kapsami\/","og_locale":"tr_TR","og_type":"article","og_title":"Hizmet Kapsam\u0131 - Kariyer Belgelendirme","og_description":"1.AMA\u00c7 VE KAPSAM Belgelendirme Kurulu\u015fu\u2019nda uygulanmakta olan TS EN ISO\/IEC 17024 Personel Belgelendirme Y\u00f6netim Sistemi faaliyetleri b\u00fcnyesinde y\u00fcr\u00fct\u00fclmekte olan faaliyetlerin Hizmet Kapsam\u0131n\u0131 a\u00e7\u0131klamakt\u0131r. 2.UYGULAMA DETAYI: Uygulanmakta olan Hizmet Kapsam\u0131 a\u015fa\u011f\u0131daki gibidir; \u00a0 Mesleki Yeterlilik Belgesi Nedir Hizmet Kapsam\u0131 Hedeflerimiz ve Aksiyon Plan\u0131 \u0130tiraz \u015eikayet \u00d6neri Prosed\u00fcr\u00fc Belge Kullan\u0131m S\u00f6zle\u015fmesi Belge Form ve \u015eartnameler \u0130N\u015eAAT SEKT\u00d6R\u00dc [&hellip;]","og_url":"https:\/\/kariyerbelgelendirme.net\/kariyer\/hizmet-kapsami\/","og_site_name":"Kariyer Belgelendirme","article_modified_time":"2021-10-13T08:34:22+00:00","twitter_card":"summary_large_image","twitter_misc":{"Tahmini okuma s\u00fcresi":"1 dakika"},"schema":{"@context":"https:\/\/schema.org","@graph":[{"@type":"WebPage","@id":"https:\/\/kariyerbelgelendirme.net\/kariyer\/hizmet-kapsami\/","url":"https:\/\/kariyerbelgelendirme.net\/kariyer\/hizmet-kapsami\/","name":"Hizmet Kapsam\u0131 - Kariyer Belgelendirme","isPartOf":{"@id":"https:\/\/kariyerbelgelendirme.net\/kariyer\/#website"},"datePublished":"2018-01-02T02:58:09+00:00","dateModified":"2021-10-13T08:34:22+00:00","breadcrumb":{"@id":"https:\/\/kariyerbelgelendirme.net\/kariyer\/hizmet-kapsami\/#breadcrumb"},"inLanguage":"tr","potentialAction":[{"@type":"ReadAction","target":["https:\/\/kariyerbelgelendirme.net\/kariyer\/hizmet-kapsami\/"]}]},{"@type":"BreadcrumbList","@id":"https:\/\/kariyerbelgelendirme.net\/kariyer\/hizmet-kapsami\/#breadcrumb","itemListElement":[{"@type":"ListItem","position":1,"name":"Anasayfa","item":"https:\/\/kariyerbelgelendirme.net\/kariyer\/"},{"@type":"ListItem","position":2,"name":"Hizmet Kapsam\u0131"}]},{"@type":"WebSite","@id":"https:\/\/kariyerbelgelendirme.net\/kariyer\/#website","url":"https:\/\/kariyerbelgelendirme.net\/kariyer\/","name":"Kariyer Belgelendirme","description":"\u00d6nce G\u00fcven","potentialAction":[{"@type":"SearchAction","target":{"@type":"EntryPoint","urlTemplate":"https:\/\/kariyerbelgelendirme.net\/kariyer\/?s={search_term_string}"},"query-input":"required name=search_term_string"}],"inLanguage":"tr"}]}},"_links":{"self":[{"href":"https:\/\/kariyerbelgelendirme.net\/kariyer\/wp-json\/wp\/v2\/pages\/3744"}],"collection":[{"href":"https:\/\/kariyerbelgelendirme.net\/kariyer\/wp-json\/wp\/v2\/pages"}],"about":[{"href":"https:\/\/kariyerbelgelendirme.net\/kariyer\/wp-json\/wp\/v2\/types\/page"}],"author":[{"embeddable":true,"href":"https:\/\/kariyerbelgelendirme.net\/kariyer\/wp-json\/wp\/v2\/users\/1"}],"replies":[{"embeddable":true,"href":"https:\/\/kariyerbelgelendirme.net\/kariyer\/wp-json\/wp\/v2\/comments?post=3744"}],"version-history":[{"count":72,"href":"https:\/\/kariyerbelgelendirme.net\/kariyer\/wp-json\/wp\/v2\/pages\/3744\/revisions"}],"predecessor-version":[{"id":4582,"href":"https:\/\/kariyerbelgelendirme.net\/kariyer\/wp-json\/wp\/v2\/pages\/3744\/revisions\/4582"}],"wp:attachment":[{"href":"https:\/\/kariyerbelgelendirme.net\/kariyer\/wp-json\/wp\/v2\/media?parent=3744"}],"curies":[{"name":"wp","href":"https:\/\/api.w.org\/{rel}","templated":true}]}}