{"id":3673,"date":"2018-01-02T00:38:43","date_gmt":"2018-01-01T22:38:43","guid":{"rendered":"http:\/\/kariyerbelgelendirme.net\/kariyer\/?page_id=3673"},"modified":"2018-01-02T01:06:27","modified_gmt":"2018-01-01T23:06:27","slug":"meslekler-ahsap-kalipci","status":"publish","type":"page","link":"https:\/\/kariyerbelgelendirme.net\/kariyer\/meslekler-ahsap-kalipci\/","title":{"rendered":"Meslekler Ah\u015fap Kal\u0131p\u00e7\u0131"},"content":{"rendered":"\t\t<div data-elementor-type=\"wp-post\" data-elementor-id=\"3673\" class=\"elementor elementor-3673 elementor-bc-flex-widget\">\n\t\t\t\t\t\t\t\t\t<section class=\"elementor-section elementor-top-section elementor-element elementor-element-ppdlllf elementor-section-boxed elementor-section-height-default elementor-section-height-default\" data-id=\"ppdlllf\" data-element_type=\"section\">\n\t\t\t\t\t\t<div class=\"elementor-container elementor-column-gap-default\">\n\t\t\t\t\t<div class=\"elementor-column elementor-col-100 elementor-top-column elementor-element elementor-element-lhbq0li\" data-id=\"lhbq0li\" data-element_type=\"column\">\n\t\t\t<div class=\"elementor-widget-wrap elementor-element-populated\">\n\t\t\t\t\t\t\t\t<div class=\"elementor-element elementor-element-pfgw2zz elementor-widget elementor-widget-image\" data-id=\"pfgw2zz\" data-element_type=\"widget\" data-widget_type=\"image.default\">\n\t\t\t\t<div class=\"elementor-widget-container\">\n\t\t\t\t\t\t\t\t\t\t\t\t\t\t\t<img decoding=\"async\" loading=\"lazy\" width=\"1024\" height=\"307\" src=\"https:\/\/kariyerbelgelendirme.net\/kariyer\/wp-content\/uploads\/2018\/01\/ahsap_kalip_kariyer-1024x307.jpg\" class=\"attachment-large size-large wp-image-3657\" alt=\"\" srcset=\"https:\/\/kariyerbelgelendirme.net\/kariyer\/wp-content\/uploads\/2018\/01\/ahsap_kalip_kariyer-1024x307.jpg 1024w, https:\/\/kariyerbelgelendirme.net\/kariyer\/wp-content\/uploads\/2018\/01\/ahsap_kalip_kariyer-300x90.jpg 300w, https:\/\/kariyerbelgelendirme.net\/kariyer\/wp-content\/uploads\/2018\/01\/ahsap_kalip_kariyer-768x230.jpg 768w, https:\/\/kariyerbelgelendirme.net\/kariyer\/wp-content\/uploads\/2018\/01\/ahsap_kalip_kariyer.jpg 1171w\" sizes=\"(max-width: 1024px) 100vw, 1024px\" \/>\t\t\t\t\t\t\t\t\t\t\t\t\t\t\t<\/div>\n\t\t\t\t<\/div>\n\t\t\t\t\t<\/div>\n\t\t<\/div>\n\t\t\t\t\t\t\t<\/div>\n\t\t<\/section>\n\t\t\t\t<section class=\"elementor-section elementor-top-section elementor-element elementor-element-vzugwms elementor-section-boxed elementor-section-height-default elementor-section-height-default\" data-id=\"vzugwms\" data-element_type=\"section\">\n\t\t\t\t\t\t<div class=\"elementor-container elementor-column-gap-default\">\n\t\t\t\t\t<div class=\"elementor-column elementor-col-100 elementor-top-column elementor-element elementor-element-4y2li6a\" data-id=\"4y2li6a\" data-element_type=\"column\">\n\t\t\t<div class=\"elementor-widget-wrap elementor-element-populated\">\n\t\t\t\t\t\t\t\t<div class=\"elementor-element elementor-element-drccomn elementor-widget elementor-widget-text-editor\" data-id=\"drccomn\" data-element_type=\"widget\" data-widget_type=\"text-editor.default\">\n\t\t\t\t<div class=\"elementor-widget-container\">\n\t\t\t\t\t\t\t<div class=\"post-info-container\"><h1 class=\"main-color\">Ah\u015fap Kal\u0131p\u00e7\u0131 S\u0131nav \u015eartnamesi<\/h1><div class=\"post-info\">\u00a0<\/div><\/div><p><strong>1.1. AMA\u00c7<\/strong><br \/>Bu \u015fartname, 11UY0011-3 Ah\u015fap Kal\u0131p\u00e7\u0131 Seviye 3 aday\u0131n\u0131n belgelendirilmesine y\u00f6nelik olarakyap\u0131lacak olan s\u0131nav i\u00e7in temel \u015fartlar\u0131, yeterlilik alan\u0131n\u0131, s\u0131nav ko\u015fullar\u0131n\u0131, kabul \u015fartlar\u0131n\u0131 vebelgelendirme s\u00fcreci hakk\u0131nda bilgilendirmeyi ama\u00e7lamaktad\u0131r.<\/p><p><strong>1.2 MESLEK TANIMI<\/strong><br \/>Ah\u015fap Kal\u0131p\u00e7\u0131 (Seviye 3); i\u015f sa\u011fl\u0131\u011f\u0131 ve g\u00fcvenli\u011fi ile \u00e7evreye ili\u015fkin \u00f6nlemleri alarak, mesle\u011fi ile ilgili i\u015f organizasyonu yapan, ah\u015fap ve di\u011fer kal\u0131p y\u00fczey malzemelerini kullanarak kal\u0131p ve kal\u0131p iskelesi kuran, s\u00f6ken ve mesleki geli\u015fime ili\u015fkin faaliyetleri y\u00fcr\u00fcten nitelikli ki\u015fidir.<\/p><p><strong>2.0. B\u0130LG\u0130 VE BECER\u0130N\u0130N SINANMASI VE DE\u011eERLEND\u0130R\u0130LMES\u0130<\/strong><br \/><strong>2 .1 ZORUNLU B\u0130R\u0130MLER<\/strong><br \/>11UY0011\u20133\/A1 \u0130\u015f Sa\u011fl\u0131\u011f\u0131 ve G\u00fcvenli\u011fi, \u0130\u015f Organizasyonunun Yap\u0131lmas\u0131<br \/>11UY0011\u20133\/A2 Ah\u015fap Kal\u0131p \u0130\u015flerinde Genel Mesleki Bilgi ve Uygulama Becerisi<\/p><p><strong>2.1.1 Teorik S\u0131nav<\/strong><br \/>A1 ve A2 zorunlu yeterlilik birimlerinin her birinden T1 adl\u0131 yaz\u0131l\u0131 teorik s\u0131navla birlikte A2 zorunlu yeterlilik biriminden ayr\u0131ca T2 adl\u0131 teorik m\u00fclakat s\u0131nav\u0131 yap\u0131l\u0131r. S\u0131navlarda her bir soru i\u00e7in 2dk s\u00fcre verilir ve A1 zorunlu yeterlilik biriminin T1 s\u0131nav\u0131nda 10 ile 15 adet, A2 zorunlu yeterlilik biriminin T1 s\u0131nav\u0131nda 30 ile 40 adet ve T2 m\u00fclakat s\u0131nav\u0131nda ise 10 adet soru sorulur. Sorular \u00e7oktan se\u00e7meli ve bo\u015fluk doldurmal\u0131 sorulardan olu\u015fur. Sorular KAR\u0130YER BELGELEND\u0130RME MERKEZ\u0130 soru bankas\u0131ndan rastlant\u0131sal olarak se\u00e7ilip her bir soru e\u015fit puan a\u011f\u0131rl\u0131ktad\u0131r ve toplam de\u011feri 100 puand\u0131r. Aday\u0131n yaz\u0131l\u0131 ve m\u00fclakata dayal\u0131 teorik s\u0131navlarda ba\u015far\u0131l\u0131 olabilmesi i\u00e7in her bir s\u0131navdan en az 60 puan almas\u0131 gerekir<\/p><p><strong>2.1.2 P1 Performansa Dayal\u0131 S\u0131nav<\/strong><br \/>A1 ve A2 zorunlu yeterlilik birimlerinin her birinden P1 adl\u0131 performansa dayal\u0131 s\u0131nav yap\u0131l\u0131r. Aday\u0131n s\u0131navlarda ba\u015far\u0131l\u0131 olabilmesi i\u00e7in 100 puan \u00fczerinden en az 80 puan almas\u0131 gerekmektedir. Aday\u0131n s\u0131navlarda yap\u0131lacak i\u015flem i\u00e7in verilen s\u00fcreyi a\u015fmamas\u0131 gerekir. gerekmektedir.<\/p><p><strong>2.2.\u00d6l\u00e7me ve De\u011ferlendirme<\/strong><br \/>Ah\u015fap Kal\u0131p\u00e7\u0131 (Seviye 3) Ulusal Yeterlili\u011fine g\u00f6re belgelendirme amac\u0131yla yap\u0131lacak \u00f6l\u00e7me ve de\u011ferlendirme, gerekli \u00e7al\u0131\u015fma \u015fartlar\u0131n\u0131n olu\u015fturuldu\u011fu KAR\u0130YER BELGELEND\u0130RME MERKEZ\u0130 merkezinde veya aday\/adaylar\u0131n \u00e7al\u0131\u015fma sahalar\u0131nda, teorik ve uygulamal\u0131 s\u0131nav \u015feklinde olacakt\u0131r. Aday yeterlilik birimlerini ayr\u0131 ayr\u0131 alabilece\u011fi gibi talep etmesi halinde hepsinin bir arada verilmesi de m\u00fcmk\u00fcnd\u00fcr.\u00a0<br \/>KAR\u0130YER BELGELEND\u0130RME MERKEZ\u0130 d\u0131\u015f\u0131ndaki i\u015fyerlerinde uygulamal\u0131 performans s\u0131nav\u0131 yap\u0131lmas\u0131 durumunda, i\u015fyeri \u00e7al\u0131\u015fma \u015fartlar\u0131na, makine, ekipman ve benzeri donan\u0131mlara uygun uygulamal\u0131 performans sorusu haz\u0131rlanacakt\u0131r.<\/p><p><strong>2.3. Di\u011fer \u015eartlar<\/strong><br \/><strong>2.3.1<\/strong>\u00a0S\u0131navlarda her soru e\u015fit a\u011f\u0131rl\u0131ktad\u0131r. Yanl\u0131\u015f cevaplar dikkate al\u0131nmay\u0131p, de\u011ferlendirme do\u011fru cevaplar \u00fczerinden yap\u0131l\u0131r<br \/><strong>2.3.2<\/strong>Belgelendirmeye hak kazanmak i\u00e7in A grubu zorunlu yeterlilik birimlerinin tamam\u0131ndan ba\u015far\u0131l\u0131 olunmas\u0131 gereklidir..<br \/><strong>2.3.3<\/strong>\u00a0S\u0131nav\u0131n tamam\u0131ndan veya her hangi bir b\u00f6l\u00fcm\u00fcnden ba\u015far\u0131s\u0131z olan aday ba\u015far\u0131s\u0131z oldu\u011fu b\u00f6l\u00fcmden\/b\u00f6l\u00fcmlerden bir y\u0131l i\u00e7erisinde tekrar s\u0131nava girebilir. Bir y\u0131l i\u00e7erisinde.bu hakk\u0131n\u0131 kullanmayanlar\u0131n belge sahibi olmalar\u0131 i\u00e7in tekrar her iki s\u0131nava birden girmesi gerekmektedir. Aday\u0131n bir y\u0131l i\u00e7erisinde girmi\u015f oldu\u011fu s\u0131navdan \u00fcst \u00fcste iki kez ba\u015far\u0131s\u0131z olmas\u0131 durumunda Ek 11UY0011-3\/A1-1\u2019ile Ek 11UY0011-3\/A2-1\u2019de belirtilen s\u00fcre ve i\u00e7erikte mesleki e\u011fitim programlar\u0131na devam etmesi tavsiye edilir.\u00a0<br \/><strong>2.3.4<\/strong>\u00a0S\u0131nav kurallar\u0131n\u0131 ihl\u00e2l eden, etik olmayan davran\u0131\u015flar sergileyen adaylar\u0131n (\u00f6rn. Kopya \u00e7ekme, ba\u015fkas\u0131 ad\u0131na s\u0131nava girme vb.) s\u0131nav\u0131 ge\u00e7ersiz say\u0131l\u0131r ve s\u0131nava yeniden ba\u015fvurmas\u0131 i\u00e7in en az 3 ay beklemesi gerekir.<br \/><strong>2.3.5<\/strong>\u00a0S\u0131navlar, genel s\u0131nav kurallar\u0131na uygun yap\u0131l\u0131r. S\u0131navlar esnas\u0131nda adaylar\u0131n birbiri ile konu\u015fmas\u0131, yard\u0131mla\u015fmas\u0131, telefon g\u00f6r\u00fc\u015fmesi yapmas\u0131 ve s\u0131nav s\u00fcresince s\u0131nav salonu d\u0131\u015f\u0131na \u00e7\u0131kmas\u0131 yasakt\u0131r.<br \/><strong>2.3.6<\/strong>\u00a0Yap\u0131lan uygulama s\u0131nav\u0131n\u0131n t\u00fcm detaylar\u0131n\u0131 g\u00f6sterecek \u015fekilde test par\u00e7as\u0131n\u0131n (uygulama s\u0131nav\u0131 sonunda aday taraf\u0131ndan olu\u015fturulan \u00fcr\u00fcn) g\u00f6r\u00fcnt\u00fcleri al\u0131narak yukar\u0131da belirtilen itiraz s\u00fcresince KAR\u0130YER BELGELEND\u0130RME MERKEZ\u0130 taraf\u0131ndan muhafaza edilmek \u00fczere S\u0131nav Yap\u0131c\u0131 taraf\u0131ndan, S\u0131nav ve Belgelendirme Y\u00f6neticili\u011fine teslim edilir.<br \/><strong>2.3.7<\/strong>\u00a0S\u0131navlarda kullan\u0131lan her t\u00fcrl\u00fc k\u0131rtasiye malzemesi KAR\u0130YER BELGELEND\u0130RME MERKEZ\u0130 taraf\u0131ndan sa\u011flan\u0131r.<br \/><strong>2.3.8<\/strong>\u00a0Uygulama s\u0131nav\u0131nda kullan\u0131lan malzemeler, aday\u0131n ba\u015fvurdu\u011fu s\u0131nav niteli\u011fine g\u00f6re KAR\u0130YER BELGELEND\u0130RME MERKEZ\u0130 taraf\u0131ndan haz\u0131rlanan malzeme listesine g\u00f6re, aday\/aday\u0131n \u00e7al\u0131\u015ft\u0131\u011f\u0131 firma taraf\u0131ndan temin edilir. Malzemeleri aday\/aday\u0131n \u00e7al\u0131\u015ft\u0131\u011f\u0131 firman\u0131n temin etmedi\u011fi hallerde KAR\u0130YER BELGELEND\u0130RME MERKEZ\u0130 temin eder. Bu durumda malzeme bedeli aday\/aday\u0131n \u00e7al\u0131\u015ft\u0131\u011f\u0131 firmadan talep edilir.<\/p><p><strong>3.0 REFERANSLAR<\/strong><br \/>11UY0011-3 Ah\u015fap Kal\u0131p\u00e7\u0131 Seviye 3 s\u0131nav uygulamalar\u0131 ve de\u011ferlendirmelerine esas al\u0131nan standartlar a\u015fa\u011f\u0131da s\u0131ralanmaktad\u0131r;\u00a0<br \/><strong>Belgelendirme Standard\u0131<\/strong><br \/>10UMS0081-3 Ah\u015fap Kal\u0131p\u00e7\u0131 Seviye 3 Ulusal Meslek Standard\u0131<br \/><strong>De\u011ferlendirme Standard\u0131<\/strong><br \/>11UY0011-3 Ah\u015fap Kal\u0131p\u00e7\u0131 Seviye 3 Ulusal Yeterlili\u011fi<\/p><p><strong>4.1 BELGELEND\u0130RME<\/strong><br \/>S\u0131nav sonu\u00e7lar\u0131na g\u00f6re, g\u00f6revlendirilen Belgelendirme Program Kurulu \u00dcyesi (Karar Verici) belgelendirmeye ili\u015fkin karar\u0131 verir. Sonu\u00e7 www.kariyerbelgelendirme.net adresli web sitesinden yay\u0131nlan\u0131r ve ilgiliye bildirilir.<br \/><strong>4.2Adayda Aranan \u015eartlar<\/strong><br \/>S\u0131nav ba\u015fvurular\u0131nda herhangi bir \u00f6n \u015fart bulunmamaktad\u0131r.<br \/><strong>4.3 Belgelerin Teslimi<\/strong><br \/>Belgeler, belge sahibine imza kar\u015f\u0131l\u0131\u011f\u0131 veya belge sahibinin talebi halinde, Ba\u015fvuru Formundaki adresine posta veya kargo ile g\u00f6nderilir.<br \/><strong>4.4 Belgenin Kaybedilmesi<\/strong><br \/>Belge sahibi, belgesini ge\u00e7erlilik s\u00fcresi i\u00e7inde kaybetti\u011fini ve yeni belge d\u00fczenlenmesini dilek\u00e7e ile talep eder. Bu talep uygun bulunur ise belge yenileme \u00fccreti al\u0131narak kaybedilen belge bilgilerini i\u00e7erir yeni bir belge d\u00fczenlenir.<br \/><strong>4.5 Yeterlilik Belgesinin Ge\u00e7erlilik S\u00fcresi ve G\u00f6zetim S\u0131kl\u0131\u011f\u0131<\/strong><br \/>Yeterlilik belgesinin ge\u00e7erlilik s\u00fcresi d\u00fczenlendi\u011fi tarihten itibaren 5 y\u0131ld\u0131r. Belgeli ki\u015finin devam etti\u011fini tespit etmek amac\u0131yla belgenin ge\u00e7erlilik s\u00fcresi i\u00e7erisinde 1 defa performans izleme raporu haz\u0131rlan\u0131r.<br \/><br \/><strong>G\u00f6zetim S\u0131kl\u0131\u011f\u0131:<\/strong><br \/><strong>G\u00f6zetim s\u0131kl\u0131\u011f\u0131 belgenin verili\u015f tarihinden itibaren 3. Y\u0131l\u0131n sonunda ba\u015flar ve 1 y\u0131l s\u00fcre ile devam eder. Belgelendirilmi\u015f personel, 3. Y\u0131l\u0131n sonunda 1 y\u0131l s\u00fcre i\u00e7erisinde performans de\u011ferlendirmesine tabi tutulur. Performans de\u011ferlendirmesi s\u0131nav yap\u0131c\u0131 taraf\u0131ndan yap\u0131l\u0131r Performans de\u011ferlendirmesi s\u0131nav yap\u0131c\u0131 taraf\u0131ndan, belge sahibinin bildirece\u011fi bir i\u015fyerinde performans izlenmesi \u015feklinde yap\u0131lacakt\u0131r<\/strong>.<br \/><br \/><strong>4.6 Yeniden Belgelendirme<\/strong><br \/>Belgenin iptalini gerektirecek bir durumun olu\u015fmamas\u0131 ve belgenin ge\u00e7erlilik s\u00fcresi boyunca belge sahibi ile ilgili KAR\u0130YER BELGELEND\u0130RME MERKEZ\u0130\u2019 ne performansa ili\u015fkin \u015fik\u00e2yet gelmemi\u015f olmas\u0131 durumun da belge sahibi fiili olarak toplam 18 ay \u00e7al\u0131\u015ft\u0131\u011f\u0131n\u0131 belgelendirdi\u011finde, belgenin s\u00fcresi 5 y\u0131l daha uzat\u0131l\u0131r. Fiilen \u00e7al\u0131\u015ft\u0131\u011f\u0131n\u0131 belgeleyemeyen belge sahipleri, uygulama s\u0131nav\u0131na al\u0131n\u0131r ve ba\u015far\u0131l\u0131 olan adaylar\u0131n belgesi 5 y\u0131l daha uzat\u0131l\u0131r. Uzatma s\u00fcresi bittikten sonra (ilk s\u0131nav\u0131n yap\u0131ld\u0131\u011f\u0131 tarihten 10 y\u0131l sonra) teorik ve uygulamal\u0131 s\u0131nav yap\u0131l\u0131r.<br \/>Belgesi iptal edilenler yeniden s\u0131nava al\u0131n\u0131r. Belgelendirme s\u00fcreci ilk ba\u015fvuru gibi i\u015fletilir. Fakat gerekli evraklarda bir de\u011fi\u015fiklik yoksa tekrar ayn\u0131 evraklar istenmez. Ba\u015fvuru veya s\u0131nav esnas\u0131nda aday\u0131n fiziksel durumunda, i\u015fi yapmas\u0131na engel bir durum varsa sa\u011fl\u0131k raporu istenir.<br \/><strong>4.7BELGEN\u0130N ASKIYA ALINMASI, \u0130PTAL\u0130<\/strong><br \/>Belgeli Ki\u015finin Belge Talep Formundaki beyan\u0131, bu \u015fartnamede belirtilen kurallar ve Logo\/Marka Kullan\u0131m Talimat\u0131na ayk\u0131r\u0131 bir davran\u0131\u015f\u0131n tespiti halinde, belge iptal edilir. Belgesi iptal edilen ki\u015fi belgenin asl\u0131n\u0131 KAR\u0130YER BELGELEND\u0130RME MERKEZ\u0130 iade etmekle y\u00fck\u00fcml\u00fcd\u00fcr.<br \/>G\u00f6zetim s\u00fcrecinde, yap\u0131lan kontroller sonras\u0131nda \u015fartlar\u0131n kar\u015f\u0131lanmad\u0131\u011f\u0131 tespit edilirse, belge belirli bir s\u00fcre ask\u0131ya al\u0131nabilir. Bu s\u00fcre uygunsuzluklar\u0131n durumuna g\u00f6re 15 g\u00fcn ile 6 ay aras\u0131nda de\u011fi\u015febilmektedir.\u00a0<br \/>Belgelendirilmi\u015f ki\u015finin, ask\u0131ya alma gerek\u00e7elerini ortadan kald\u0131rmas\u0131 durumunda, Karar Verici karar\u0131 ile belge, belgelendirilmi\u015f ki\u015fiye iade edilir.<br \/><strong>5.0 \u0130T\u0130RAZ VE \u015e\u0130K\u00c2YETLER<\/strong><br \/>Ba\u015fvuru sahiplerinden, adaylardan, belgelendirilmi\u015f ki\u015filerden ve onlar\u0131n i\u015fverenlerinden ve di\u011fer kesimlerden belgelendirme s\u00fcreci ve kriterleri konusunda itiraz ve \u015fik\u00e2yetlerin olmas\u0131 halinde, itiraz\/\u015fik\u00e2yet sahibi KAR\u0130YER BELGELEND\u0130RME MERKEZ\u0130 veya www.kariyerbelgelendirme.net Web sitesinden \u0130tiraz ve \u015eik\u00e2yet Ba\u015fvuru Formunu doldurur ve imzalayarak (\u015fahsen m\u00fcracaat yap\u0131ld\u0131 ise) KAR\u0130YER BELGELEND\u0130RME MERKEZ\u0130\u2019 ne teslim eder veya faks, e-posta vb. ile g\u00f6nderir. Yap\u0131lan s\u0131nava ili\u015fkin, s\u0131navda kullan\u0131lan te\u00e7hizat ve s\u0131nav par\u00e7as\u0131 veya numuneleriyle ilgili itiraz s\u0131nav tarihinden itibaren 30 g\u00fcn i\u00e7inde yap\u0131lmal\u0131d\u0131r.<br \/>KAR\u0130YER BELGELEND\u0130RME MERKEZ\u0130\u2019 ne yap\u0131lan \u0130tiraz ve \u015fik\u00e2yetler 30 g\u00fcn i\u00e7erisinde sonu\u00e7land\u0131r\u0131l\u0131r. Karar itiraz\/\u015fik\u00e2yet sahibine bildirilir.<\/p>\t\t\t\t\t\t<\/div>\n\t\t\t\t<\/div>\n\t\t\t\t\t<\/div>\n\t\t<\/div>\n\t\t\t\t\t\t\t<\/div>\n\t\t<\/section>\n\t\t\t\t\t\t\t<\/div>\n\t\t","protected":false},"excerpt":{"rendered":"<p>Ah\u015fap Kal\u0131p\u00e7\u0131 S\u0131nav \u015eartnamesi \u00a0 1.1. AMA\u00c7Bu \u015fartname, 11UY0011-3 Ah\u015fap Kal\u0131p\u00e7\u0131 Seviye 3 aday\u0131n\u0131n belgelendirilmesine y\u00f6nelik olarakyap\u0131lacak olan s\u0131nav i\u00e7in temel \u015fartlar\u0131, yeterlilik alan\u0131n\u0131, s\u0131nav ko\u015fullar\u0131n\u0131, kabul \u015fartlar\u0131n\u0131 vebelgelendirme s\u00fcreci hakk\u0131nda bilgilendirmeyi ama\u00e7lamaktad\u0131r. 1.2 MESLEK TANIMIAh\u015fap Kal\u0131p\u00e7\u0131 (Seviye 3); i\u015f sa\u011fl\u0131\u011f\u0131 ve g\u00fcvenli\u011fi ile \u00e7evreye ili\u015fkin \u00f6nlemleri alarak, mesle\u011fi ile ilgili i\u015f organizasyonu yapan, ah\u015fap [&hellip;] <a class=\"more-link\" href=\"https:\/\/kariyerbelgelendirme.net\/kariyer\/meslekler-ahsap-kalipci\/\">Devam\u0131n\u0131 Oku<\/a><\/p>\n","protected":false},"author":1,"featured_media":0,"parent":0,"menu_order":0,"comment_status":"closed","ping_status":"closed","template":"","meta":{"footnotes":""},"yoast_head":"<!-- This site is optimized with the Yoast SEO plugin v21.8 - https:\/\/yoast.com\/wordpress\/plugins\/seo\/ -->\n<title>Meslekler Ah\u015fap Kal\u0131p\u00e7\u0131 - Kariyer Belgelendirme<\/title>\n<meta name=\"robots\" content=\"index, follow, max-snippet:-1, max-image-preview:large, max-video-preview:-1\" \/>\n<link rel=\"canonical\" href=\"https:\/\/kariyerbelgelendirme.net\/kariyer\/meslekler-ahsap-kalipci\/\" \/>\n<meta property=\"og:locale\" content=\"tr_TR\" \/>\n<meta property=\"og:type\" content=\"article\" \/>\n<meta property=\"og:title\" content=\"Meslekler Ah\u015fap Kal\u0131p\u00e7\u0131 - Kariyer Belgelendirme\" \/>\n<meta property=\"og:description\" content=\"Ah\u015fap Kal\u0131p\u00e7\u0131 S\u0131nav \u015eartnamesi \u00a0 1.1. AMA\u00c7Bu \u015fartname, 11UY0011-3 Ah\u015fap Kal\u0131p\u00e7\u0131 Seviye 3 aday\u0131n\u0131n belgelendirilmesine y\u00f6nelik olarakyap\u0131lacak olan s\u0131nav i\u00e7in temel \u015fartlar\u0131, yeterlilik alan\u0131n\u0131, s\u0131nav ko\u015fullar\u0131n\u0131, kabul \u015fartlar\u0131n\u0131 vebelgelendirme s\u00fcreci hakk\u0131nda bilgilendirmeyi ama\u00e7lamaktad\u0131r. 1.2 MESLEK TANIMIAh\u015fap Kal\u0131p\u00e7\u0131 (Seviye 3); i\u015f sa\u011fl\u0131\u011f\u0131 ve g\u00fcvenli\u011fi ile \u00e7evreye ili\u015fkin \u00f6nlemleri alarak, mesle\u011fi ile ilgili i\u015f organizasyonu yapan, ah\u015fap [&hellip;]\" \/>\n<meta property=\"og:url\" content=\"https:\/\/kariyerbelgelendirme.net\/kariyer\/meslekler-ahsap-kalipci\/\" \/>\n<meta property=\"og:site_name\" content=\"Kariyer Belgelendirme\" \/>\n<meta property=\"article:modified_time\" content=\"2018-01-01T23:06:27+00:00\" \/>\n<meta property=\"og:image\" content=\"http:\/\/kariyerbelgelendirme.net\/kariyer\/wp-content\/uploads\/2018\/01\/ahsap_kalip_kariyer-1024x307.jpg\" \/>\n<meta name=\"twitter:card\" content=\"summary_large_image\" \/>\n<meta name=\"twitter:label1\" content=\"Tahmini okuma s\u00fcresi\" \/>\n\t<meta name=\"twitter:data1\" content=\"8 dakika\" \/>\n<script type=\"application\/ld+json\" class=\"yoast-schema-graph\">{\"@context\":\"https:\/\/schema.org\",\"@graph\":[{\"@type\":\"WebPage\",\"@id\":\"https:\/\/kariyerbelgelendirme.net\/kariyer\/meslekler-ahsap-kalipci\/\",\"url\":\"https:\/\/kariyerbelgelendirme.net\/kariyer\/meslekler-ahsap-kalipci\/\",\"name\":\"Meslekler Ah\u015fap Kal\u0131p\u00e7\u0131 - Kariyer Belgelendirme\",\"isPartOf\":{\"@id\":\"https:\/\/kariyerbelgelendirme.net\/kariyer\/#website\"},\"datePublished\":\"2018-01-01T22:38:43+00:00\",\"dateModified\":\"2018-01-01T23:06:27+00:00\",\"breadcrumb\":{\"@id\":\"https:\/\/kariyerbelgelendirme.net\/kariyer\/meslekler-ahsap-kalipci\/#breadcrumb\"},\"inLanguage\":\"tr\",\"potentialAction\":[{\"@type\":\"ReadAction\",\"target\":[\"https:\/\/kariyerbelgelendirme.net\/kariyer\/meslekler-ahsap-kalipci\/\"]}]},{\"@type\":\"BreadcrumbList\",\"@id\":\"https:\/\/kariyerbelgelendirme.net\/kariyer\/meslekler-ahsap-kalipci\/#breadcrumb\",\"itemListElement\":[{\"@type\":\"ListItem\",\"position\":1,\"name\":\"Anasayfa\",\"item\":\"https:\/\/kariyerbelgelendirme.net\/kariyer\/\"},{\"@type\":\"ListItem\",\"position\":2,\"name\":\"Meslekler Ah\u015fap Kal\u0131p\u00e7\u0131\"}]},{\"@type\":\"WebSite\",\"@id\":\"https:\/\/kariyerbelgelendirme.net\/kariyer\/#website\",\"url\":\"https:\/\/kariyerbelgelendirme.net\/kariyer\/\",\"name\":\"Kariyer Belgelendirme\",\"description\":\"\u00d6nce G\u00fcven\",\"potentialAction\":[{\"@type\":\"SearchAction\",\"target\":{\"@type\":\"EntryPoint\",\"urlTemplate\":\"https:\/\/kariyerbelgelendirme.net\/kariyer\/?s={search_term_string}\"},\"query-input\":\"required name=search_term_string\"}],\"inLanguage\":\"tr\"}]}<\/script>\n<!-- \/ Yoast SEO plugin. -->","yoast_head_json":{"title":"Meslekler Ah\u015fap Kal\u0131p\u00e7\u0131 - Kariyer Belgelendirme","robots":{"index":"index","follow":"follow","max-snippet":"max-snippet:-1","max-image-preview":"max-image-preview:large","max-video-preview":"max-video-preview:-1"},"canonical":"https:\/\/kariyerbelgelendirme.net\/kariyer\/meslekler-ahsap-kalipci\/","og_locale":"tr_TR","og_type":"article","og_title":"Meslekler Ah\u015fap Kal\u0131p\u00e7\u0131 - Kariyer Belgelendirme","og_description":"Ah\u015fap Kal\u0131p\u00e7\u0131 S\u0131nav \u015eartnamesi \u00a0 1.1. AMA\u00c7Bu \u015fartname, 11UY0011-3 Ah\u015fap Kal\u0131p\u00e7\u0131 Seviye 3 aday\u0131n\u0131n belgelendirilmesine y\u00f6nelik olarakyap\u0131lacak olan s\u0131nav i\u00e7in temel \u015fartlar\u0131, yeterlilik alan\u0131n\u0131, s\u0131nav ko\u015fullar\u0131n\u0131, kabul \u015fartlar\u0131n\u0131 vebelgelendirme s\u00fcreci hakk\u0131nda bilgilendirmeyi ama\u00e7lamaktad\u0131r. 1.2 MESLEK TANIMIAh\u015fap Kal\u0131p\u00e7\u0131 (Seviye 3); i\u015f sa\u011fl\u0131\u011f\u0131 ve g\u00fcvenli\u011fi ile \u00e7evreye ili\u015fkin \u00f6nlemleri alarak, mesle\u011fi ile ilgili i\u015f organizasyonu yapan, ah\u015fap [&hellip;]","og_url":"https:\/\/kariyerbelgelendirme.net\/kariyer\/meslekler-ahsap-kalipci\/","og_site_name":"Kariyer Belgelendirme","article_modified_time":"2018-01-01T23:06:27+00:00","og_image":[{"url":"http:\/\/kariyerbelgelendirme.net\/kariyer\/wp-content\/uploads\/2018\/01\/ahsap_kalip_kariyer-1024x307.jpg"}],"twitter_card":"summary_large_image","twitter_misc":{"Tahmini okuma s\u00fcresi":"8 dakika"},"schema":{"@context":"https:\/\/schema.org","@graph":[{"@type":"WebPage","@id":"https:\/\/kariyerbelgelendirme.net\/kariyer\/meslekler-ahsap-kalipci\/","url":"https:\/\/kariyerbelgelendirme.net\/kariyer\/meslekler-ahsap-kalipci\/","name":"Meslekler Ah\u015fap Kal\u0131p\u00e7\u0131 - Kariyer Belgelendirme","isPartOf":{"@id":"https:\/\/kariyerbelgelendirme.net\/kariyer\/#website"},"datePublished":"2018-01-01T22:38:43+00:00","dateModified":"2018-01-01T23:06:27+00:00","breadcrumb":{"@id":"https:\/\/kariyerbelgelendirme.net\/kariyer\/meslekler-ahsap-kalipci\/#breadcrumb"},"inLanguage":"tr","potentialAction":[{"@type":"ReadAction","target":["https:\/\/kariyerbelgelendirme.net\/kariyer\/meslekler-ahsap-kalipci\/"]}]},{"@type":"BreadcrumbList","@id":"https:\/\/kariyerbelgelendirme.net\/kariyer\/meslekler-ahsap-kalipci\/#breadcrumb","itemListElement":[{"@type":"ListItem","position":1,"name":"Anasayfa","item":"https:\/\/kariyerbelgelendirme.net\/kariyer\/"},{"@type":"ListItem","position":2,"name":"Meslekler Ah\u015fap Kal\u0131p\u00e7\u0131"}]},{"@type":"WebSite","@id":"https:\/\/kariyerbelgelendirme.net\/kariyer\/#website","url":"https:\/\/kariyerbelgelendirme.net\/kariyer\/","name":"Kariyer Belgelendirme","description":"\u00d6nce G\u00fcven","potentialAction":[{"@type":"SearchAction","target":{"@type":"EntryPoint","urlTemplate":"https:\/\/kariyerbelgelendirme.net\/kariyer\/?s={search_term_string}"},"query-input":"required name=search_term_string"}],"inLanguage":"tr"}]}},"_links":{"self":[{"href":"https:\/\/kariyerbelgelendirme.net\/kariyer\/wp-json\/wp\/v2\/pages\/3673"}],"collection":[{"href":"https:\/\/kariyerbelgelendirme.net\/kariyer\/wp-json\/wp\/v2\/pages"}],"about":[{"href":"https:\/\/kariyerbelgelendirme.net\/kariyer\/wp-json\/wp\/v2\/types\/page"}],"author":[{"embeddable":true,"href":"https:\/\/kariyerbelgelendirme.net\/kariyer\/wp-json\/wp\/v2\/users\/1"}],"replies":[{"embeddable":true,"href":"https:\/\/kariyerbelgelendirme.net\/kariyer\/wp-json\/wp\/v2\/comments?post=3673"}],"version-history":[{"count":2,"href":"https:\/\/kariyerbelgelendirme.net\/kariyer\/wp-json\/wp\/v2\/pages\/3673\/revisions"}],"predecessor-version":[{"id":3712,"href":"https:\/\/kariyerbelgelendirme.net\/kariyer\/wp-json\/wp\/v2\/pages\/3673\/revisions\/3712"}],"wp:attachment":[{"href":"https:\/\/kariyerbelgelendirme.net\/kariyer\/wp-json\/wp\/v2\/media?parent=3673"}],"curies":[{"name":"wp","href":"https:\/\/api.w.org\/{rel}","templated":true}]}}