{"id":3312,"date":"2017-07-19T08:47:56","date_gmt":"2017-07-19T05:47:56","guid":{"rendered":"http:\/\/kariyerbelgelendirme.net\/kariyer\/registration\/"},"modified":"2017-07-19T08:47:56","modified_gmt":"2017-07-19T05:47:56","slug":"registration","status":"publish","type":"page","link":"https:\/\/kariyerbelgelendirme.net\/kariyer\/registration\/","title":{"rendered":"Registration"},"content":{"rendered":"<div class=\"piereg_container pieregWrapper\"><div class=\"pieregformWrapper pieregWrapper\"><div id=\"show_pie_register_error_js\" class=\"piereg_entry-content\"><\/div><div id=\"pie_register_reg_form\"><form enctype=\"multipart\/form-data\" class=\"pie_register_reg_form\" id=\"pie_regiser_form\" method=\"post\" action=\"\/kariyer\/wp-json\/wp\/v2\/pages\/3312\" data-form=\"1\"><input type=\"hidden\" id=\"piereg_registration_form_nonce\" name=\"piereg_registration_form_nonce\" value=\"b27065b3f5\" \/><input type=\"hidden\" name=\"_wp_http_referer\" value=\"\/kariyer\/wp-json\/wp\/v2\/pages\/3312\" \/><div class=\"fieldset \"><p id=\"piereg_pie_form_desc\" >Kaydolmak i\u00e7in l\u00fctfen a\u015fa\u011f\u0131daki formu doldurunuz.<\/p><\/div><ul id=\"pie_register\"><input type=\"hidden\" value=\"1\" name=\"form_id\" \/><li class=\"fields   pageFields_1 piereg_li_0\" ><div class=\"fieldset\"><label class=\"\" for=\"username_0\">Kullan\u0131c\u0131 ad\u0131n\u0131z&nbsp;<span class=\"piereg_field_required_label\">*<\/span><\/label><input id=\"username\" name=\"username\" data-field_id=\"piereg_field_0\" class=\"input_fields  piereg_validate[required,username] piereg_username_input_field\" placeholder=\"Tc Kimlik No Giriniz\" type=\"text\" value=\"\" data-errormessage-value-missing=\"\"  \/><p class=\"desc\">Kullan\u0131c\u0131 ad\u0131n\u0131z T.C Kimlik numaran\u0131zd\u0131r<\/p><\/div><\/li><li class=\"fields   pageFields_1 piereg_li_5\" ><div class=\"fieldset\"><label class=\"\" for=\"date_5\">Do\u011fum Tarihiniz<\/label><div class=\"piereg_time date_format_field\"><div class=\"time_fields\"><input  id=\"mm_date_5\" name=\"date_5[date][mm]\" maxlength=\"2\" type=\"text\" class=\"input_fields  piereg_validate[custom[month]]\"  value=\"\" data-type=\"date\"><label>MM<\/label><\/div><div class=\"time_fields\"><input  id=\"dd_date_5\" name=\"date_5[date][dd]\" maxlength=\"2\"  type=\"text\" class=\"input_fields  piereg_validate[custom[day]]\"  value=\"\" data-type=\"date\"><label>DD<\/label><\/div><div class=\"time_fields\"><input  id=\"yy_date_5\" name=\"date_5[date][yy]\" maxlength=\"4\"  type=\"text\" class=\"input_fields  piereg_validate[custom[year]]\"  value=\"\" data-type=\"date\"><label>YYYY<\/label><\/div><\/div><\/div><\/li><li class=\"fields   pageFields_1 piereg_li_1\" ><div class=\"fieldset\"><label class=\"\" for=\"email_1\">Email&nbsp;<span class=\"piereg_field_required_label\">*<\/span><\/label><input  id=\"email_1\" name=\"e_mail\" data-field_id=\"piereg_field_1\" class=\"input_fields  piereg_validate[required,custom[email]]\" data-errormessage-custom-error=\"\" placeholder=\"\" type=\"text\" value=\"\" \/><\/div><\/li><li class=\"fields   pageFields_1 piereg_li_2\" ><div class=\"fieldset\"><label class=\"\" for=\"password_2\">Parola&nbsp;<span class=\"piereg_field_required_label\">*<\/span><\/label><input id=\"password_2\" name=\"password\" data-field_id=\"piereg_field_2\" class=\"input_fields  piereg_validate[minSize[8],required] prPass1\" placeholder=\"\" type=\"password\" data-errormessage-value-missing=\"\" data-errormessage-range-underflow=\"\" data-errormessage-range-overflow=\"\" autocomplete=\"off\" ><span class=\"show-hide-password-innerbtn pass-eye-reg pass-eye-reg_left_label_no_desc  eye\"><\/span><\/div><div class=\"fieldset\"><label>Paolay\u0131 tekrar girin&nbsp;<span class=\"piereg_field_required_label\">*<\/span><\/label><input id=\"confirm_password_password_2\" type=\"password\" data-errormessage-value-missing=\"\" data-errormessage-range-underflow=\"\" data-errormessage-range-overflow=\"\" class=\"input_fields  piereg_validate[minSize[8],required,equals[password_2]]  prPass2\" placeholder=\"\" autocomplete=\"off\" \/><span class=\"show-hide-password-innerbtn confirm-pass-eye-reg_left_label_no_desc eye\"><\/span><input class=\"prMinimumPasswordStrengthlength\" type=\"hidden\" id=\"password_strength_meter_1\" data-id=\"1\" value=\"1\" \/><span class=\"prMinimumPasswordStrengthMessage\" id=\"password_strength_message_1\" style=\"display:none;\">Weak Password<\/span><\/li><li class=\"fields   pageFields_1 piereg_li_6\" ><div class=\"fieldset\"><label class=\"\" for=\"profile_pic_6\">Profil foto\u011fraf\u0131<\/label><input  id=\"profile_pic_6\" data-field_id=\"piereg_field_6\" name=\"profile_pic_6\" class=\"input_fields  piereg_validate[funcCall[checkExtensions],ext[gif|GIF|jpeg|JPEG|jpg|JPG|png|PNG|bmp|BMP]]\"   type=\"file\"  \/><\/div><\/li><li class=\"fields   pageFields_1 piereg_li_3\" ><div class=\"fieldset\"><label class=\"\" for=\"description\">Kendinizi Tan\u0131t\u0131n\u0131z<\/label><textarea name=\"description\" id=\"description\" rows=\"5\" data-field_id=\"piereg_field_3\" cols=\"80\" ><\/textarea><\/div><\/li><li class=\"fields   pageFields_1 piereg_li_7\" ><div class=\"fieldset\"><label class=\"\" for=\"math_captcha_7\">Ben robot de\u011filim&nbsp;<span class=\"piereg_field_required_label\">*<\/span><\/label><div data-cookiename=\"registration\" class=\"wrapmathcaptcha prMathCaptcha\"><div id=\"pieregister_math_captcha_7\" class=\"piereg_math_captcha\"><\/div><input id=\"math_captcha_7\" type=\"text\" data-errormessage-value-missing=\"\" data-errormessage-range-underflow=\"\" data-errormessage-range-overflow=\"\" class=\"input_fields  piereg_validate[required]\" placeholder=\"\" style=\"width:50%;margin-top:9px;\" name=\"piereg_math_captcha\"\/><\/div><p class=\"desc\">L\u00fctfen say\u0131lar\u0131n toplam\u0131n\u0131 yaz\u0131n\u0131z<\/p><\/div><\/li><li class=\"fields   pageFields_1 piereg_li_\" ><div class=\"fieldset\"><div class=\"pie_wrap_buttons\"><input name=\"pie_submit\" class=\"pie_submit\" type=\"submit\" value=\"Kay\u0131t ol\" \/><input name=\"pie_reset\" type=\"reset\" value=\"De\u011fi\u015ftir\" \/><\/div><\/div><\/li><\/ul><\/form><\/div><\/div><\/div>\n","protected":false},"excerpt":{"rendered":"<p> <a class=\"more-link\" href=\"https:\/\/kariyerbelgelendirme.net\/kariyer\/registration\/\">Devam\u0131n\u0131 Oku<\/a><\/p>\n","protected":false},"author":1,"featured_media":0,"parent":0,"menu_order":0,"comment_status":"closed","ping_status":"closed","template":"","meta":{"footnotes":""},"yoast_head":"<!-- This site is optimized with the Yoast SEO plugin v21.8 - https:\/\/yoast.com\/wordpress\/plugins\/seo\/ -->\n<title>Registration - Kariyer Belgelendirme<\/title>\n<meta name=\"robots\" content=\"index, follow, max-snippet:-1, max-image-preview:large, max-video-preview:-1\" \/>\n<link rel=\"canonical\" href=\"https:\/\/kariyerbelgelendirme.net\/kariyer\/registration\/\" \/>\n<meta property=\"og:locale\" content=\"tr_TR\" \/>\n<meta property=\"og:type\" content=\"article\" \/>\n<meta property=\"og:title\" content=\"Registration - Kariyer Belgelendirme\" \/>\n<meta property=\"og:url\" content=\"https:\/\/kariyerbelgelendirme.net\/kariyer\/registration\/\" \/>\n<meta property=\"og:site_name\" content=\"Kariyer Belgelendirme\" \/>\n<meta name=\"twitter:card\" content=\"summary_large_image\" \/>\n<script type=\"application\/ld+json\" class=\"yoast-schema-graph\">{\"@context\":\"https:\/\/schema.org\",\"@graph\":[{\"@type\":\"WebPage\",\"@id\":\"https:\/\/kariyerbelgelendirme.net\/kariyer\/registration\/\",\"url\":\"https:\/\/kariyerbelgelendirme.net\/kariyer\/registration\/\",\"name\":\"Registration - Kariyer Belgelendirme\",\"isPartOf\":{\"@id\":\"https:\/\/kariyerbelgelendirme.net\/kariyer\/#website\"},\"datePublished\":\"2017-07-19T05:47:56+00:00\",\"dateModified\":\"2017-07-19T05:47:56+00:00\",\"breadcrumb\":{\"@id\":\"https:\/\/kariyerbelgelendirme.net\/kariyer\/registration\/#breadcrumb\"},\"inLanguage\":\"tr\",\"potentialAction\":[{\"@type\":\"ReadAction\",\"target\":[\"https:\/\/kariyerbelgelendirme.net\/kariyer\/registration\/\"]}]},{\"@type\":\"BreadcrumbList\",\"@id\":\"https:\/\/kariyerbelgelendirme.net\/kariyer\/registration\/#breadcrumb\",\"itemListElement\":[{\"@type\":\"ListItem\",\"position\":1,\"name\":\"Anasayfa\",\"item\":\"https:\/\/kariyerbelgelendirme.net\/kariyer\/\"},{\"@type\":\"ListItem\",\"position\":2,\"name\":\"Registration\"}]},{\"@type\":\"WebSite\",\"@id\":\"https:\/\/kariyerbelgelendirme.net\/kariyer\/#website\",\"url\":\"https:\/\/kariyerbelgelendirme.net\/kariyer\/\",\"name\":\"Kariyer Belgelendirme\",\"description\":\"\u00d6nce G\u00fcven\",\"potentialAction\":[{\"@type\":\"SearchAction\",\"target\":{\"@type\":\"EntryPoint\",\"urlTemplate\":\"https:\/\/kariyerbelgelendirme.net\/kariyer\/?s={search_term_string}\"},\"query-input\":\"required name=search_term_string\"}],\"inLanguage\":\"tr\"}]}<\/script>\n<!-- \/ Yoast SEO plugin. -->","yoast_head_json":{"title":"Registration - Kariyer Belgelendirme","robots":{"index":"index","follow":"follow","max-snippet":"max-snippet:-1","max-image-preview":"max-image-preview:large","max-video-preview":"max-video-preview:-1"},"canonical":"https:\/\/kariyerbelgelendirme.net\/kariyer\/registration\/","og_locale":"tr_TR","og_type":"article","og_title":"Registration - Kariyer Belgelendirme","og_url":"https:\/\/kariyerbelgelendirme.net\/kariyer\/registration\/","og_site_name":"Kariyer Belgelendirme","twitter_card":"summary_large_image","schema":{"@context":"https:\/\/schema.org","@graph":[{"@type":"WebPage","@id":"https:\/\/kariyerbelgelendirme.net\/kariyer\/registration\/","url":"https:\/\/kariyerbelgelendirme.net\/kariyer\/registration\/","name":"Registration - Kariyer Belgelendirme","isPartOf":{"@id":"https:\/\/kariyerbelgelendirme.net\/kariyer\/#website"},"datePublished":"2017-07-19T05:47:56+00:00","dateModified":"2017-07-19T05:47:56+00:00","breadcrumb":{"@id":"https:\/\/kariyerbelgelendirme.net\/kariyer\/registration\/#breadcrumb"},"inLanguage":"tr","potentialAction":[{"@type":"ReadAction","target":["https:\/\/kariyerbelgelendirme.net\/kariyer\/registration\/"]}]},{"@type":"BreadcrumbList","@id":"https:\/\/kariyerbelgelendirme.net\/kariyer\/registration\/#breadcrumb","itemListElement":[{"@type":"ListItem","position":1,"name":"Anasayfa","item":"https:\/\/kariyerbelgelendirme.net\/kariyer\/"},{"@type":"ListItem","position":2,"name":"Registration"}]},{"@type":"WebSite","@id":"https:\/\/kariyerbelgelendirme.net\/kariyer\/#website","url":"https:\/\/kariyerbelgelendirme.net\/kariyer\/","name":"Kariyer Belgelendirme","description":"\u00d6nce G\u00fcven","potentialAction":[{"@type":"SearchAction","target":{"@type":"EntryPoint","urlTemplate":"https:\/\/kariyerbelgelendirme.net\/kariyer\/?s={search_term_string}"},"query-input":"required name=search_term_string"}],"inLanguage":"tr"}]}},"_links":{"self":[{"href":"https:\/\/kariyerbelgelendirme.net\/kariyer\/wp-json\/wp\/v2\/pages\/3312"}],"collection":[{"href":"https:\/\/kariyerbelgelendirme.net\/kariyer\/wp-json\/wp\/v2\/pages"}],"about":[{"href":"https:\/\/kariyerbelgelendirme.net\/kariyer\/wp-json\/wp\/v2\/types\/page"}],"author":[{"embeddable":true,"href":"https:\/\/kariyerbelgelendirme.net\/kariyer\/wp-json\/wp\/v2\/users\/1"}],"replies":[{"embeddable":true,"href":"https:\/\/kariyerbelgelendirme.net\/kariyer\/wp-json\/wp\/v2\/comments?post=3312"}],"version-history":[{"count":1,"href":"https:\/\/kariyerbelgelendirme.net\/kariyer\/wp-json\/wp\/v2\/pages\/3312\/revisions"}],"predecessor-version":[{"id":3315,"href":"https:\/\/kariyerbelgelendirme.net\/kariyer\/wp-json\/wp\/v2\/pages\/3312\/revisions\/3315"}],"wp:attachment":[{"href":"https:\/\/kariyerbelgelendirme.net\/kariyer\/wp-json\/wp\/v2\/media?parent=3312"}],"curies":[{"name":"wp","href":"https:\/\/api.w.org\/{rel}","templated":true}]}}